{"id":39,"date":"2025-12-16T10:19:57","date_gmt":"2025-12-16T10:19:57","guid":{"rendered":"https:\/\/krankenkasse-beratung.logisch.ch\/?page_id=39"},"modified":"2025-12-17T00:19:56","modified_gmt":"2025-12-17T00:19:56","slug":"vorgeburtliche-anmeldung","status":"publish","type":"page","link":"https:\/\/krankenkasse-beratung.logisch.ch\/index.php\/krankenkasse\/vorgeburtliche-anmeldung\/","title":{"rendered":"Vorgeburtliche Anmeldung"},"content":{"rendered":"\n<div class=\"wp-block-group has-border-color has-background has-global-padding is-layout-constrained wp-block-group-is-layout-constrained\" style=\"border-color:#503AA8;border-width:2px;background-color:#affefe\"><nav style=\"background-color: #aaffff;\" class=\"has-background is-responsive wp-block-navigation is-layout-flex wp-block-navigation-is-layout-flex\" aria-label=\"Men\u00fc\" \n\t\t data-wp-interactive=\"core\/navigation\" data-wp-context='{\"overlayOpenedBy\":{\"click\":false,\"hover\":false,\"focus\":false},\"type\":\"overlay\",\"roleAttribute\":\"\",\"ariaLabel\":\"Men\\u00fc\"}'><button aria-haspopup=\"dialog\" aria-label=\"Men\u00fc \u00f6ffnen\" class=\"wp-block-navigation__responsive-container-open\" \n\t\t\t\tdata-wp-on--click=\"actions.openMenuOnClick\"\n\t\t\t\tdata-wp-on--keydown=\"actions.handleMenuKeydown\"\n\t\t\t><svg width=\"24\" height=\"24\" xmlns=\"http:\/\/www.w3.org\/2000\/svg\" viewBox=\"0 0 24 24\" aria-hidden=\"true\" focusable=\"false\"><path d=\"M4 7.5h16v1.5H4z\"><\/path><path d=\"M4 15h16v1.5H4z\"><\/path><\/svg><\/button>\n\t\t\t\t<div class=\"wp-block-navigation__responsive-container\"  id=\"modal-1\" \n\t\t\t\tdata-wp-class--has-modal-open=\"state.isMenuOpen\"\n\t\t\t\tdata-wp-class--is-menu-open=\"state.isMenuOpen\"\n\t\t\t\tdata-wp-watch=\"callbacks.initMenu\"\n\t\t\t\tdata-wp-on--keydown=\"actions.handleMenuKeydown\"\n\t\t\t\tdata-wp-on--focusout=\"actions.handleMenuFocusout\"\n\t\t\t\ttabindex=\"-1\"\n\t\t\t>\n\t\t\t\t\t<div class=\"wp-block-navigation__responsive-close\" tabindex=\"-1\">\n\t\t\t\t\t\t<div class=\"wp-block-navigation__responsive-dialog\" \n\t\t\t\tdata-wp-bind--aria-modal=\"state.ariaModal\"\n\t\t\t\tdata-wp-bind--aria-label=\"state.ariaLabel\"\n\t\t\t\tdata-wp-bind--role=\"state.roleAttribute\"\n\t\t\t>\n\t\t\t\t\t\t\t<button aria-label=\"Men\u00fc schlie\u00dfen\" class=\"wp-block-navigation__responsive-container-close\" \n\t\t\t\tdata-wp-on--click=\"actions.closeMenuOnClick\"\n\t\t\t><svg xmlns=\"http:\/\/www.w3.org\/2000\/svg\" viewBox=\"0 0 24 24\" width=\"24\" height=\"24\" aria-hidden=\"true\" focusable=\"false\"><path d=\"m13.06 12 6.47-6.47-1.06-1.06L12 10.94 5.53 4.47 4.47 5.53 10.94 12l-6.47 6.47 1.06 1.06L12 13.06l6.47 6.47 1.06-1.06L13.06 12Z\"><\/path><\/svg><\/button>\n\t\t\t\t\t\t\t<div class=\"wp-block-navigation__responsive-container-content\" \n\t\t\t\tdata-wp-watch=\"callbacks.focusFirstElement\"\n\t\t\t id=\"modal-1-content\">\n\t\t\t\t\t\t\t\t<ul style=\"background-color: #aaffff;\" class=\"wp-block-navigation__container has-background is-responsive wp-block-navigation\"><li class=\" wp-block-navigation-item wp-block-navigation-link\"><a class=\"wp-block-navigation-item__content\"  href=\"https:\/\/krankenkasse-beratung.logisch.ch\/index.php\/krankenkasse\/\"><span class=\"wp-block-navigation-item__label\">Krankenkasse<\/span><\/a><\/li><li class=\" wp-block-navigation-item wp-block-navigation-link\"><a class=\"wp-block-navigation-item__content\"  href=\"https:\/\/krankenkasse-beratung.logisch.ch\/index.php\/krankenkasse\/krankenkasse-wechseln\/\"><span class=\"wp-block-navigation-item__label\">Krankenkasse wechseln<\/span><\/a><\/li><li class=\" wp-block-navigation-item wp-block-navigation-link\"><a class=\"wp-block-navigation-item__content\"  href=\"https:\/\/krankenkasse-beratung.logisch.ch\/index.php\/krankenkasse\/krankenkasse-kuendigen\/\"><span class=\"wp-block-navigation-item__label\">Krankenkasse k\u00fcndigen<\/span><\/a><\/li><li class=\" wp-block-navigation-item wp-block-navigation-link\"><a class=\"wp-block-navigation-item__content\"  href=\"https:\/\/krankenkasse-beratung.logisch.ch\/index.php\/krankenkasse\/vorgeburtliche-anmeldung\/\"><span class=\"wp-block-navigation-item__label\">Vorgeburtliche Anmeldung<\/span><\/a><\/li><\/ul>\n\t\t\t\t\t\t\t<\/div>\n\t\t\t\t\t\t<\/div>\n\t\t\t\t\t<\/div>\n\t\t\t\t<\/div><\/nav><\/div>\n\n\n\n<h1 class=\"wp-block-heading\">\u00dcbersicht vorgeburtliche Anmeldung<\/h1>\n\n\n\n<h2 class=\"wp-block-heading\">Schaffen Sie Ihrem Nachwuchs Sicherheit<\/h2>\n\n\n\n<figure class=\"wp-block-image alignright size-full\"><img loading=\"lazy\" decoding=\"async\" width=\"300\" height=\"168\" src=\"https:\/\/krankenkasse-beratung.logisch.ch\/wp-content\/uploads\/2025\/12\/image.png\" alt=\"\" class=\"wp-image-40\"\/><\/figure>\n\n\n\n<p>Die vorgeburtliche Anmeldung bietet eine sorgenfreie Geburt<\/p>\n\n\n\n<p>Eine vorgeburtliche Anmeldung Ihres Kindes macht auf jeden Fall Sinn. Die Berechnung des Geburtstermins f\u00fcr Ihr Kind bringt die meisten Frauen in Hochstimmung. Es werden hierzu nicht viele Angaben ben\u00f6tigt. Trotzdem kann dieser Termin f\u00fcr die Geburt bis zu zwei Wochen vom errechneten Datum abweichen. \u00dcbersicht vorgeburtliche Anmeldung zeigt, dass nur rund f\u00fcnf Prozent aller Kinder zu dem errechneten Datum zur Welt kommen.<\/p>\n\n\n\n<h3 class=\"wp-block-heading\">Denken Sie Fr\u00fchzeitig an den Versicherungsschutz des Babys<\/h3>\n\n\n\n<p>Die \u00dcberlegungen, wo Sie Ihr Neugeborenes versichern m\u00f6chten, k\u00f6nnen gar nicht fr\u00fchzeitig genug in Angriff genommen werden. Durch eine vorgeburtliche Anmeldung ist Ihr Kind bei pl\u00f6tzlichen Komplikationen bereits bei der Niederkunft gegen ungedeckte Kosten gesch\u00fctzt. Zus\u00e4tzlich k\u00f6nnen f\u00fcr das noch ungeborene Kind weitere Zusatzversicherungen abgeschlossen werden. Etwa f\u00fcr alternative oder ambulante Behandlungsmethoden. Das alles ohne vorherige Gesundheitsfragen. Der noch fehlende Name und der Tag der Geburt werden sp\u00e4ter nachgetragen.<\/p>\n\n\n\n<h3 class=\"wp-block-heading\">Nachteile bei einer Anmeldung nach der Geburt<\/h3>\n\n\n\n<p>Die Krankenkassen sind verpflichtet Gesundheitspr\u00fcfungen bei Kindern vorzunehmen, die nach der Geburt angemeldet werden. Hinzu kommt noch, dass nach einer bestandenen Gesundheitspr\u00fcfung die Versicherungsdeckung erst an dem 1. Tag des folgenden Monats beginnt. Sollte das Baby mit einem Gebrechen zur Welt gekommen sein, wird es h\u00f6chstwahrscheinlich gar nicht oder unter Vorbehalt in die Zusatzversicherung aufgenommen werden k\u00f6nnen.<\/p>\n\n\n\n<p>Wir berechnen f\u00fcr Sie gerne eine Offerte f\u00fcr eine vorgeburtliche Anmeldung mit dem bestm\u00f6glichen Versicherungsschutz f\u00fcr Ihr Baby, damit Sie der Zukunft in Ruhe entgegen schauen k\u00f6nnen.<\/p>\n\n\n\n<figure class=\"wp-block-image\"><img decoding=\"async\" src=\"https:\/\/krankenkasse-beratung.ch\/wp-content\/uploads\/2024\/10\/vorgeburtliche-Anmeldung.jpg\" alt=\"vorgeburtliche Anmeldung\" class=\"wp-image-6474\"\/><\/figure>\n\n\n\n<h3 class=\"wp-block-heading\">Babygl\u00fcck ohne Sorgen<\/h3>\n\n\n\n<p>Durch die Geburt eines Kindes entstehen neue Bed\u00fcrfnisse bei Eltern und Kind. Zu diesen geh\u00f6rt auch ein bestm\u00f6glicher Krankenkassenschutz. Wir bieten diesen Schutz f\u00fcr Ihren Nachwuchs an. Diese rechtzeitige M\u00f6glichkeit zum Schutz Ihres Kindes kann Ihnen einiges an \u00c4rger und Kosten ersparen. Nicht jedes Baby kommt gesund auf die Welt. Von zehn Babys kommt im Durchschnitt eines bereits mit einem Leiden auf die Welt. Wir bieten Ihnen durch die vorgeburtliche Anmeldung eine Aufnahme in die Krankenkasse mit den n\u00f6tigen Zusatzversicherungen ohne Gesundheitspr\u00fcfung.<\/p>\n\n\n\n<h3 class=\"wp-block-heading\">Anmeldung vor der Geburt<\/h3>\n\n\n\n<p>Durch eine vorgeburtliche Anmeldung k\u00f6nnen Sie als Eltern, ebenfalls die Bereiche alternative Behandlungsmethoden und ambulante Medizin durch entsprechende Zusatzversicherungen erweitern und absichern. Das ist sehr wichtig, damit Ihr Baby bereits ab der Geburt \u00fcber einen optimalen Versicherungsschutz verf\u00fcgt. Sicherlich kann das Kind auch nach der Geburt angemeldet werden, was aber gewisse Einschr\u00e4nkungen mit sich bringen kann.<\/p>\n\n\n\n<h3 class=\"wp-block-heading\">Beantragung von Zusatzversicherungen<\/h3>\n\n\n\n<p>Die Aufnahme in die Grundversicherung erfolgt ohne Auflagen und ist Pflicht f\u00fcr die Krankenversicherungen. Zusatzversicherungen m\u00fcssen jedoch beantragt werden. Bei einer Anmeldung vor der Geburt, wird das Baby ohne eine Gesundheits\u00fcberpr\u00fcfung in diese aufgenommen. Wir k\u00f6nnen da einige Tarife f\u00fcr ambulante Zusatzversicherungen und Spitalversicherungen anbieten.<\/p>\n\n\n\n<h3 class=\"wp-block-heading\">Deckungsl\u00fccken verhindern<\/h3>\n\n\n\n<p>Die Leistungen einer normalen Krankenversicherung sind beschr\u00e4nkt. Kommt es bei einer Geburt zu Komplikationen, kann es sein, dass diese nicht gedeckt sind. Es entsteht eine Deckungsl\u00fccke. Wir k\u00f6nnen diese L\u00fccke f\u00fcr Sie schliessen, in dem Sie eine Zusatzversicherung abschliessen. So erhalten Sie optimale Deckung ab dem ersten Tag der Geburt.<\/p>\n\n\n\n<h3 class=\"wp-block-heading\">Spitalbehandlung in der gesamten Schweiz<\/h3>\n\n\n\n<p>Durch die Spitaldeckung werden die Kosten einer Spitalbehandlung auch ausserhalb des Kantons in dem Sie wohnen \u00fcbernommen. Die gew\u00f6hnliche Krankenpflegeversicherung deckt nur die entstehenden Kosten in Ihrem Wohnkanton ab.<\/p>\n","protected":false},"excerpt":{"rendered":"<p>\u00dcbersicht vorgeburtliche Anmeldung Schaffen Sie Ihrem Nachwuchs Sicherheit Die vorgeburtliche Anmeldung bietet eine sorgenfreie Geburt Eine vorgeburtliche Anmeldung Ihres Kindes macht auf jeden Fall Sinn. Die Berechnung des Geburtstermins f\u00fcr Ihr Kind bringt die meisten Frauen in Hochstimmung. Es werden hierzu nicht viele Angaben ben\u00f6tigt. Trotzdem kann dieser Termin f\u00fcr die Geburt bis zu zwei [&hellip;]<\/p>\n","protected":false},"author":1,"featured_media":0,"parent":13,"menu_order":1,"comment_status":"closed","ping_status":"closed","template":"","meta":{"footnotes":""},"class_list":["post-39","page","type-page","status-publish","hentry"],"yoast_head":"<!-- This site is optimized with the Yoast SEO plugin v26.6 - https:\/\/yoast.com\/wordpress\/plugins\/seo\/ -->\n<title>Vorgeburtliche Anmeldung - Krankenkasse Beratung<\/title>\n<meta name=\"robots\" content=\"index, follow, max-snippet:-1, max-image-preview:large, max-video-preview:-1\" \/>\n<link rel=\"canonical\" href=\"https:\/\/krankenkasse-beratung.logisch.ch\/index.php\/krankenkasse\/vorgeburtliche-anmeldung\/\" \/>\n<meta property=\"og:locale\" content=\"de_DE\" \/>\n<meta property=\"og:type\" content=\"article\" \/>\n<meta property=\"og:title\" content=\"Vorgeburtliche Anmeldung - Krankenkasse Beratung\" \/>\n<meta property=\"og:description\" content=\"\u00dcbersicht vorgeburtliche Anmeldung Schaffen Sie Ihrem Nachwuchs Sicherheit Die vorgeburtliche Anmeldung bietet eine sorgenfreie Geburt Eine vorgeburtliche Anmeldung Ihres Kindes macht auf jeden Fall Sinn. Die Berechnung des Geburtstermins f\u00fcr Ihr Kind bringt die meisten Frauen in Hochstimmung. Es werden hierzu nicht viele Angaben ben\u00f6tigt. Trotzdem kann dieser Termin f\u00fcr die Geburt bis zu zwei [&hellip;]\" \/>\n<meta property=\"og:url\" content=\"https:\/\/krankenkasse-beratung.logisch.ch\/index.php\/krankenkasse\/vorgeburtliche-anmeldung\/\" \/>\n<meta property=\"og:site_name\" content=\"Krankenkasse Beratung\" \/>\n<meta property=\"article:modified_time\" content=\"2025-12-17T00:19:56+00:00\" \/>\n<meta property=\"og:image\" content=\"https:\/\/krankenkasse-beratung.logisch.ch\/wp-content\/uploads\/2025\/12\/image.png\" \/>\n\t<meta property=\"og:image:width\" content=\"300\" \/>\n\t<meta property=\"og:image:height\" content=\"168\" \/>\n\t<meta property=\"og:image:type\" content=\"image\/png\" \/>\n<meta name=\"twitter:card\" content=\"summary_large_image\" \/>\n<meta name=\"twitter:label1\" content=\"Gesch\u00e4tzte Lesezeit\" \/>\n\t<meta name=\"twitter:data1\" content=\"4\u00a0Minuten\" \/>\n<script type=\"application\/ld+json\" class=\"yoast-schema-graph\">{\"@context\":\"https:\/\/schema.org\",\"@graph\":[{\"@type\":\"WebPage\",\"@id\":\"https:\/\/krankenkasse-beratung.logisch.ch\/index.php\/krankenkasse\/vorgeburtliche-anmeldung\/\",\"url\":\"https:\/\/krankenkasse-beratung.logisch.ch\/index.php\/krankenkasse\/vorgeburtliche-anmeldung\/\",\"name\":\"Vorgeburtliche Anmeldung - Krankenkasse Beratung\",\"isPartOf\":{\"@id\":\"https:\/\/krankenkasse-beratung.logisch.ch\/#website\"},\"primaryImageOfPage\":{\"@id\":\"https:\/\/krankenkasse-beratung.logisch.ch\/index.php\/krankenkasse\/vorgeburtliche-anmeldung\/#primaryimage\"},\"image\":{\"@id\":\"https:\/\/krankenkasse-beratung.logisch.ch\/index.php\/krankenkasse\/vorgeburtliche-anmeldung\/#primaryimage\"},\"thumbnailUrl\":\"https:\/\/krankenkasse-beratung.logisch.ch\/wp-content\/uploads\/2025\/12\/image.png\",\"datePublished\":\"2025-12-16T10:19:57+00:00\",\"dateModified\":\"2025-12-17T00:19:56+00:00\",\"breadcrumb\":{\"@id\":\"https:\/\/krankenkasse-beratung.logisch.ch\/index.php\/krankenkasse\/vorgeburtliche-anmeldung\/#breadcrumb\"},\"inLanguage\":\"de\",\"potentialAction\":[{\"@type\":\"ReadAction\",\"target\":[\"https:\/\/krankenkasse-beratung.logisch.ch\/index.php\/krankenkasse\/vorgeburtliche-anmeldung\/\"]}]},{\"@type\":\"ImageObject\",\"inLanguage\":\"de\",\"@id\":\"https:\/\/krankenkasse-beratung.logisch.ch\/index.php\/krankenkasse\/vorgeburtliche-anmeldung\/#primaryimage\",\"url\":\"https:\/\/krankenkasse-beratung.logisch.ch\/wp-content\/uploads\/2025\/12\/image.png\",\"contentUrl\":\"https:\/\/krankenkasse-beratung.logisch.ch\/wp-content\/uploads\/2025\/12\/image.png\",\"width\":300,\"height\":168},{\"@type\":\"BreadcrumbList\",\"@id\":\"https:\/\/krankenkasse-beratung.logisch.ch\/index.php\/krankenkasse\/vorgeburtliche-anmeldung\/#breadcrumb\",\"itemListElement\":[{\"@type\":\"ListItem\",\"position\":1,\"name\":\"Start\",\"item\":\"https:\/\/krankenkasse-beratung.logisch.ch\/\"},{\"@type\":\"ListItem\",\"position\":2,\"name\":\"Krankenkasse\",\"item\":\"https:\/\/krankenkasse-beratung.logisch.ch\/index.php\/krankenkasse\/\"},{\"@type\":\"ListItem\",\"position\":3,\"name\":\"Vorgeburtliche Anmeldung\"}]},{\"@type\":\"WebSite\",\"@id\":\"https:\/\/krankenkasse-beratung.logisch.ch\/#website\",\"url\":\"https:\/\/krankenkasse-beratung.logisch.ch\/\",\"name\":\"Krankenkasse Beratung\",\"description\":\"Beratungen und Vergleich f\u00fcr Ihre Krankenkasse\",\"potentialAction\":[{\"@type\":\"SearchAction\",\"target\":{\"@type\":\"EntryPoint\",\"urlTemplate\":\"https:\/\/krankenkasse-beratung.logisch.ch\/?s={search_term_string}\"},\"query-input\":{\"@type\":\"PropertyValueSpecification\",\"valueRequired\":true,\"valueName\":\"search_term_string\"}}],\"inLanguage\":\"de\"}]}<\/script>\n<!-- \/ Yoast SEO plugin. -->","yoast_head_json":{"title":"Vorgeburtliche Anmeldung - Krankenkasse Beratung","robots":{"index":"index","follow":"follow","max-snippet":"max-snippet:-1","max-image-preview":"max-image-preview:large","max-video-preview":"max-video-preview:-1"},"canonical":"https:\/\/krankenkasse-beratung.logisch.ch\/index.php\/krankenkasse\/vorgeburtliche-anmeldung\/","og_locale":"de_DE","og_type":"article","og_title":"Vorgeburtliche Anmeldung - Krankenkasse Beratung","og_description":"\u00dcbersicht vorgeburtliche Anmeldung Schaffen Sie Ihrem Nachwuchs Sicherheit Die vorgeburtliche Anmeldung bietet eine sorgenfreie Geburt Eine vorgeburtliche Anmeldung Ihres Kindes macht auf jeden Fall Sinn. Die Berechnung des Geburtstermins f\u00fcr Ihr Kind bringt die meisten Frauen in Hochstimmung. Es werden hierzu nicht viele Angaben ben\u00f6tigt. Trotzdem kann dieser Termin f\u00fcr die Geburt bis zu zwei [&hellip;]","og_url":"https:\/\/krankenkasse-beratung.logisch.ch\/index.php\/krankenkasse\/vorgeburtliche-anmeldung\/","og_site_name":"Krankenkasse Beratung","article_modified_time":"2025-12-17T00:19:56+00:00","og_image":[{"width":300,"height":168,"url":"https:\/\/krankenkasse-beratung.logisch.ch\/wp-content\/uploads\/2025\/12\/image.png","type":"image\/png"}],"twitter_card":"summary_large_image","twitter_misc":{"Gesch\u00e4tzte Lesezeit":"4\u00a0Minuten"},"schema":{"@context":"https:\/\/schema.org","@graph":[{"@type":"WebPage","@id":"https:\/\/krankenkasse-beratung.logisch.ch\/index.php\/krankenkasse\/vorgeburtliche-anmeldung\/","url":"https:\/\/krankenkasse-beratung.logisch.ch\/index.php\/krankenkasse\/vorgeburtliche-anmeldung\/","name":"Vorgeburtliche Anmeldung - Krankenkasse Beratung","isPartOf":{"@id":"https:\/\/krankenkasse-beratung.logisch.ch\/#website"},"primaryImageOfPage":{"@id":"https:\/\/krankenkasse-beratung.logisch.ch\/index.php\/krankenkasse\/vorgeburtliche-anmeldung\/#primaryimage"},"image":{"@id":"https:\/\/krankenkasse-beratung.logisch.ch\/index.php\/krankenkasse\/vorgeburtliche-anmeldung\/#primaryimage"},"thumbnailUrl":"https:\/\/krankenkasse-beratung.logisch.ch\/wp-content\/uploads\/2025\/12\/image.png","datePublished":"2025-12-16T10:19:57+00:00","dateModified":"2025-12-17T00:19:56+00:00","breadcrumb":{"@id":"https:\/\/krankenkasse-beratung.logisch.ch\/index.php\/krankenkasse\/vorgeburtliche-anmeldung\/#breadcrumb"},"inLanguage":"de","potentialAction":[{"@type":"ReadAction","target":["https:\/\/krankenkasse-beratung.logisch.ch\/index.php\/krankenkasse\/vorgeburtliche-anmeldung\/"]}]},{"@type":"ImageObject","inLanguage":"de","@id":"https:\/\/krankenkasse-beratung.logisch.ch\/index.php\/krankenkasse\/vorgeburtliche-anmeldung\/#primaryimage","url":"https:\/\/krankenkasse-beratung.logisch.ch\/wp-content\/uploads\/2025\/12\/image.png","contentUrl":"https:\/\/krankenkasse-beratung.logisch.ch\/wp-content\/uploads\/2025\/12\/image.png","width":300,"height":168},{"@type":"BreadcrumbList","@id":"https:\/\/krankenkasse-beratung.logisch.ch\/index.php\/krankenkasse\/vorgeburtliche-anmeldung\/#breadcrumb","itemListElement":[{"@type":"ListItem","position":1,"name":"Start","item":"https:\/\/krankenkasse-beratung.logisch.ch\/"},{"@type":"ListItem","position":2,"name":"Krankenkasse","item":"https:\/\/krankenkasse-beratung.logisch.ch\/index.php\/krankenkasse\/"},{"@type":"ListItem","position":3,"name":"Vorgeburtliche Anmeldung"}]},{"@type":"WebSite","@id":"https:\/\/krankenkasse-beratung.logisch.ch\/#website","url":"https:\/\/krankenkasse-beratung.logisch.ch\/","name":"Krankenkasse Beratung","description":"Beratungen und Vergleich f\u00fcr Ihre Krankenkasse","potentialAction":[{"@type":"SearchAction","target":{"@type":"EntryPoint","urlTemplate":"https:\/\/krankenkasse-beratung.logisch.ch\/?s={search_term_string}"},"query-input":{"@type":"PropertyValueSpecification","valueRequired":true,"valueName":"search_term_string"}}],"inLanguage":"de"}]}},"_links":{"self":[{"href":"https:\/\/krankenkasse-beratung.logisch.ch\/index.php\/wp-json\/wp\/v2\/pages\/39","targetHints":{"allow":["GET"]}}],"collection":[{"href":"https:\/\/krankenkasse-beratung.logisch.ch\/index.php\/wp-json\/wp\/v2\/pages"}],"about":[{"href":"https:\/\/krankenkasse-beratung.logisch.ch\/index.php\/wp-json\/wp\/v2\/types\/page"}],"author":[{"embeddable":true,"href":"https:\/\/krankenkasse-beratung.logisch.ch\/index.php\/wp-json\/wp\/v2\/users\/1"}],"replies":[{"embeddable":true,"href":"https:\/\/krankenkasse-beratung.logisch.ch\/index.php\/wp-json\/wp\/v2\/comments?post=39"}],"version-history":[{"count":3,"href":"https:\/\/krankenkasse-beratung.logisch.ch\/index.php\/wp-json\/wp\/v2\/pages\/39\/revisions"}],"predecessor-version":[{"id":95,"href":"https:\/\/krankenkasse-beratung.logisch.ch\/index.php\/wp-json\/wp\/v2\/pages\/39\/revisions\/95"}],"up":[{"embeddable":true,"href":"https:\/\/krankenkasse-beratung.logisch.ch\/index.php\/wp-json\/wp\/v2\/pages\/13"}],"wp:attachment":[{"href":"https:\/\/krankenkasse-beratung.logisch.ch\/index.php\/wp-json\/wp\/v2\/media?parent=39"}],"curies":[{"name":"wp","href":"https:\/\/api.w.org\/{rel}","templated":true}]}}