{"id":29,"date":"2025-12-16T10:07:31","date_gmt":"2025-12-16T10:07:31","guid":{"rendered":"https:\/\/krankenkasse-beratung.logisch.ch\/?page_id=29"},"modified":"2025-12-17T00:25:44","modified_gmt":"2025-12-17T00:25:44","slug":"rechtsschutzversicherung","status":"publish","type":"page","link":"https:\/\/krankenkasse-beratung.logisch.ch\/index.php\/versicherungen\/rechtsschutzversicherung\/","title":{"rendered":"Rechtsschutzversicherung"},"content":{"rendered":"\n<div class=\"wp-block-group has-border-color has-accent-3-border-color has-global-padding is-layout-constrained wp-block-group-is-layout-constrained\" style=\"border-width:2px\"><nav style=\"background-color: #affefe;\" class=\"has-background is-responsive wp-block-navigation is-layout-flex wp-block-navigation-is-layout-flex\" aria-label=\"mnu-Versicherungen\" \n\t\t data-wp-interactive=\"core\/navigation\" data-wp-context='{\"overlayOpenedBy\":{\"click\":false,\"hover\":false,\"focus\":false},\"type\":\"overlay\",\"roleAttribute\":\"\",\"ariaLabel\":\"Men\\u00fc\"}'><button aria-haspopup=\"dialog\" aria-label=\"Men\u00fc \u00f6ffnen\" class=\"wp-block-navigation__responsive-container-open\" \n\t\t\t\tdata-wp-on--click=\"actions.openMenuOnClick\"\n\t\t\t\tdata-wp-on--keydown=\"actions.handleMenuKeydown\"\n\t\t\t><svg width=\"24\" height=\"24\" xmlns=\"http:\/\/www.w3.org\/2000\/svg\" viewBox=\"0 0 24 24\" aria-hidden=\"true\" focusable=\"false\"><path d=\"M4 7.5h16v1.5H4z\"><\/path><path d=\"M4 15h16v1.5H4z\"><\/path><\/svg><\/button>\n\t\t\t\t<div class=\"wp-block-navigation__responsive-container\"  id=\"modal-1\" \n\t\t\t\tdata-wp-class--has-modal-open=\"state.isMenuOpen\"\n\t\t\t\tdata-wp-class--is-menu-open=\"state.isMenuOpen\"\n\t\t\t\tdata-wp-watch=\"callbacks.initMenu\"\n\t\t\t\tdata-wp-on--keydown=\"actions.handleMenuKeydown\"\n\t\t\t\tdata-wp-on--focusout=\"actions.handleMenuFocusout\"\n\t\t\t\ttabindex=\"-1\"\n\t\t\t>\n\t\t\t\t\t<div class=\"wp-block-navigation__responsive-close\" tabindex=\"-1\">\n\t\t\t\t\t\t<div class=\"wp-block-navigation__responsive-dialog\" \n\t\t\t\tdata-wp-bind--aria-modal=\"state.ariaModal\"\n\t\t\t\tdata-wp-bind--aria-label=\"state.ariaLabel\"\n\t\t\t\tdata-wp-bind--role=\"state.roleAttribute\"\n\t\t\t>\n\t\t\t\t\t\t\t<button aria-label=\"Men\u00fc schlie\u00dfen\" class=\"wp-block-navigation__responsive-container-close\" \n\t\t\t\tdata-wp-on--click=\"actions.closeMenuOnClick\"\n\t\t\t><svg xmlns=\"http:\/\/www.w3.org\/2000\/svg\" viewBox=\"0 0 24 24\" width=\"24\" height=\"24\" aria-hidden=\"true\" focusable=\"false\"><path d=\"m13.06 12 6.47-6.47-1.06-1.06L12 10.94 5.53 4.47 4.47 5.53 10.94 12l-6.47 6.47 1.06 1.06L12 13.06l6.47 6.47 1.06-1.06L13.06 12Z\"><\/path><\/svg><\/button>\n\t\t\t\t\t\t\t<div class=\"wp-block-navigation__responsive-container-content\" \n\t\t\t\tdata-wp-watch=\"callbacks.focusFirstElement\"\n\t\t\t id=\"modal-1-content\">\n\t\t\t\t\t\t\t\t<ul style=\"background-color: #affefe;\" class=\"wp-block-navigation__container has-background is-responsive wp-block-navigation\"><li class=\" wp-block-navigation-item wp-block-navigation-link\"><a class=\"wp-block-navigation-item__content\"  href=\"https:\/\/krankenkasse-beratung.logisch.ch\/index.php\/versicherungen\/\"><span class=\"wp-block-navigation-item__label\">Versicherungen<\/span><\/a><\/li><li class=\" wp-block-navigation-item wp-block-navigation-link\"><a class=\"wp-block-navigation-item__content\"  href=\"https:\/\/krankenkasse-beratung.logisch.ch\/index.php\/versicherungen\/zusatzversicherungen\/\"><span class=\"wp-block-navigation-item__label\">Zusatzversicherungen<\/span><\/a><\/li><li class=\" wp-block-navigation-item wp-block-navigation-link\"><a class=\"wp-block-navigation-item__content\"  href=\"https:\/\/krankenkasse-beratung.logisch.ch\/index.php\/versicherungen\/krankentaggeldversicherung-ktg\/\"><span class=\"wp-block-navigation-item__label\">Krankentaggeldversicherung (KTG)<\/span><\/a><\/li><li class=\" wp-block-navigation-item wp-block-navigation-link\"><a class=\"wp-block-navigation-item__content\"  href=\"https:\/\/krankenkasse-beratung.logisch.ch\/index.php\/versicherungen\/rechtsschutzversicherung\/\"><span class=\"wp-block-navigation-item__label\">Rechtsschutzversicherung<\/span><\/a><\/li><li class=\" wp-block-navigation-item wp-block-navigation-link\"><a class=\"wp-block-navigation-item__content\"  href=\"https:\/\/krankenkasse-beratung.logisch.ch\/index.php\/versicherungen\/lebensversicherung\/\"><span class=\"wp-block-navigation-item__label\">Lebensversicherung<\/span><\/a><\/li><\/ul>\n\t\t\t\t\t\t\t<\/div>\n\t\t\t\t\t\t<\/div>\n\t\t\t\t\t<\/div>\n\t\t\t\t<\/div><\/nav><\/div>\n\n\n\n<h1 class=\"wp-block-heading\">Deine Rechtsschutzversicherung in der Schweiz<\/h1>\n\n\n\n<h2 class=\"wp-block-heading\">Rechtliche Absicherung, die dich sch\u00fctzt<\/h2>\n\n\n\n<p>Sichere dir umfassenden rechtlichen Schutz mit einer massgeschneiderten Rechtsschutzversicherung. Wir helfen dir, die passende Versicherungsl\u00f6sung zu finden, die dich in rechtlichen Auseinandersetzungen optimal absichert.<a href=\"https:\/\/krankenkasse-beratung.ch\/rechtsschutzversicherung\/#antragsformular\">Finde jetzt den richtigen Rechtsschutz<\/a><\/p>\n\n\n\n<figure class=\"wp-block-image\"><img decoding=\"async\" src=\"https:\/\/krankenkasse-beratung.ch\/wp-content\/uploads\/2024\/08\/google-reviews-logo.webp\" alt=\"\"\/><\/figure>\n\n\n\n<figure class=\"wp-block-image\"><img decoding=\"async\" src=\"https:\/\/krankenkasse-beratung.ch\/wp-content\/uploads\/2024\/08\/trustpilot-logo.webp\" alt=\"\"\/><\/figure>\n\n\n\n<figure class=\"wp-block-image\"><img decoding=\"async\" src=\"https:\/\/krankenkasse-beratung.ch\/wp-content\/uploads\/2024\/09\/Cicero_certified_rgb-150x150-1.png\" alt=\"\"\/><\/figure>\n\n\n\n<figure class=\"wp-block-image\"><img decoding=\"async\" src=\"https:\/\/krankenkasse-beratung.ch\/wp-content\/uploads\/2024\/09\/vbv-logo-150x150-1.png\" alt=\"\"\/><\/figure>\n\n\n\n<figure class=\"wp-block-image\"><img decoding=\"async\" src=\"https:\/\/krankenkasse-beratung.ch\/wp-content\/uploads\/2024\/09\/DSGVO_4-1024x345-1.png\" alt=\"\"\/><\/figure>\n\n\n\n<h2 class=\"wp-block-heading\">Kennst du auch diese&nbsp;Probleme?<\/h2>\n\n\n\n<h3 class=\"wp-block-heading\">Unsicherheit bei der Wahl der Rechtsschutzversicherung<\/h3>\n\n\n\n<p>Viele Menschen sind unsicher, welche Rechtsschutzversicherung ihre individuellen rechtlichen Bed\u00fcrfnisse am besten abdeckt und wie sie die richtige Entscheidung treffen k\u00f6nnen.<\/p>\n\n\n\n<h3 class=\"wp-block-heading\">Komplexe Versicherungsbedingungen<\/h3>\n\n\n\n<p>Die Vielfalt und Komplexit\u00e4t der Bedingungen in Rechtsschutzversicherungen k\u00f6nnen \u00fcberw\u00e4ltigend sein, was die Wahl des richtigen Schutzes erschwert.<br><\/p>\n\n\n\n<h3 class=\"wp-block-heading\">Komplizierte Pr\u00e4mienberechnungen<\/h3>\n\n\n\n<p>Die Pr\u00e4mienberechnung und der Vergleich der Kosten verschiedener Rechtsschutzversicherungen k\u00f6nnen komplex sein, was es erschwert, den besten Tarif zu finden.<\/p>\n\n\n\n<p><a href=\"https:\/\/krankenkasse-beratung.ch\/rechtsschutzversicherung\/#antragsformular\">Individuelle L\u00f6sung finden<\/a><\/p>\n\n\n\n<h2 class=\"wp-block-heading\">Vergleiche unverbindlich Rechtsschutzversicherungsangebote<br>von vertrauensw\u00fcrdigen Anbietern<\/h2>\n\n\n\n<figure class=\"wp-block-image\"><img decoding=\"async\" src=\"https:\/\/krankenkasse-beratung.ch\/wp-content\/uploads\/2024\/09\/orion.webp\" alt=\"\"\/><\/figure>\n\n\n\n<figure class=\"wp-block-image\"><img decoding=\"async\" src=\"https:\/\/krankenkasse-beratung.ch\/wp-content\/uploads\/2024\/09\/arag_axa_solid_rgb.svg\" alt=\"\"\/><\/figure>\n\n\n\n<figure class=\"wp-block-image\"><img decoding=\"async\" src=\"https:\/\/krankenkasse-beratung.ch\/wp-content\/uploads\/2024\/09\/protekta-1.png\" alt=\"\"\/><\/figure>\n\n\n\n<figure class=\"wp-block-image\"><img decoding=\"async\" src=\"https:\/\/krankenkasse-beratung.ch\/wp-content\/uploads\/2024\/09\/dextra.webp\" alt=\"\"\/><\/figure>\n\n\n\n<h2 class=\"wp-block-heading\">Kontaktiere uns<\/h2>\n\n\n\n<p>Wir helfen dir dabei, den besten rechtlichen Schutz zu finden \u2013 egal, ob du deine aktuelle Versicherung \u00fcberpr\u00fcfen oder ein neues Angebot vergleichen m\u00f6chtest. Sorge f\u00fcr deine rechtliche Sicherheit, ohne unn\u00f6tige Kosten zu verursachen!<a href=\"https:\/\/krankenkasse-beratung.ch\/rechtsschutzversicherung\/#antragsformular\">Jetzt ein Angebot einholen<\/a><\/p>\n","protected":false},"excerpt":{"rendered":"<p>Deine Rechtsschutzversicherung in der Schweiz Rechtliche Absicherung, die dich sch\u00fctzt Sichere dir umfassenden rechtlichen Schutz mit einer massgeschneiderten Rechtsschutzversicherung. Wir helfen dir, die passende Versicherungsl\u00f6sung zu finden, die dich in rechtlichen Auseinandersetzungen optimal absichert.Finde jetzt den richtigen Rechtsschutz Kennst du auch diese&nbsp;Probleme? Unsicherheit bei der Wahl der Rechtsschutzversicherung Viele Menschen sind unsicher, welche Rechtsschutzversicherung ihre [&hellip;]<\/p>\n","protected":false},"author":1,"featured_media":0,"parent":11,"menu_order":1,"comment_status":"closed","ping_status":"closed","template":"","meta":{"footnotes":""},"class_list":["post-29","page","type-page","status-publish","hentry"],"yoast_head":"<!-- This site is optimized with the Yoast SEO plugin v26.6 - https:\/\/yoast.com\/wordpress\/plugins\/seo\/ -->\n<title>Rechtsschutzversicherung - Krankenkasse Beratung<\/title>\n<meta name=\"robots\" content=\"index, follow, max-snippet:-1, max-image-preview:large, max-video-preview:-1\" \/>\n<link rel=\"canonical\" href=\"https:\/\/krankenkasse-beratung.logisch.ch\/index.php\/versicherungen\/rechtsschutzversicherung\/\" \/>\n<meta property=\"og:locale\" content=\"de_DE\" \/>\n<meta property=\"og:type\" content=\"article\" \/>\n<meta property=\"og:title\" content=\"Rechtsschutzversicherung - Krankenkasse Beratung\" \/>\n<meta property=\"og:description\" content=\"Deine Rechtsschutzversicherung in der Schweiz Rechtliche Absicherung, die dich sch\u00fctzt Sichere dir umfassenden rechtlichen Schutz mit einer massgeschneiderten Rechtsschutzversicherung. Wir helfen dir, die passende Versicherungsl\u00f6sung zu finden, die dich in rechtlichen Auseinandersetzungen optimal absichert.Finde jetzt den richtigen Rechtsschutz Kennst du auch diese&nbsp;Probleme? Unsicherheit bei der Wahl der Rechtsschutzversicherung Viele Menschen sind unsicher, welche Rechtsschutzversicherung ihre [&hellip;]\" \/>\n<meta property=\"og:url\" content=\"https:\/\/krankenkasse-beratung.logisch.ch\/index.php\/versicherungen\/rechtsschutzversicherung\/\" \/>\n<meta property=\"og:site_name\" content=\"Krankenkasse Beratung\" \/>\n<meta property=\"article:modified_time\" content=\"2025-12-17T00:25:44+00:00\" \/>\n<meta property=\"og:image\" content=\"https:\/\/krankenkasse-beratung.ch\/wp-content\/uploads\/2024\/08\/google-reviews-logo.webp\" \/>\n<meta name=\"twitter:card\" content=\"summary_large_image\" \/>\n<meta name=\"twitter:label1\" content=\"Gesch\u00e4tzte Lesezeit\" \/>\n\t<meta name=\"twitter:data1\" content=\"3\u00a0Minuten\" \/>\n<script type=\"application\/ld+json\" class=\"yoast-schema-graph\">{\"@context\":\"https:\/\/schema.org\",\"@graph\":[{\"@type\":\"WebPage\",\"@id\":\"https:\/\/krankenkasse-beratung.logisch.ch\/index.php\/versicherungen\/rechtsschutzversicherung\/\",\"url\":\"https:\/\/krankenkasse-beratung.logisch.ch\/index.php\/versicherungen\/rechtsschutzversicherung\/\",\"name\":\"Rechtsschutzversicherung - Krankenkasse Beratung\",\"isPartOf\":{\"@id\":\"https:\/\/krankenkasse-beratung.logisch.ch\/#website\"},\"primaryImageOfPage\":{\"@id\":\"https:\/\/krankenkasse-beratung.logisch.ch\/index.php\/versicherungen\/rechtsschutzversicherung\/#primaryimage\"},\"image\":{\"@id\":\"https:\/\/krankenkasse-beratung.logisch.ch\/index.php\/versicherungen\/rechtsschutzversicherung\/#primaryimage\"},\"thumbnailUrl\":\"https:\/\/krankenkasse-beratung.ch\/wp-content\/uploads\/2024\/08\/google-reviews-logo.webp\",\"datePublished\":\"2025-12-16T10:07:31+00:00\",\"dateModified\":\"2025-12-17T00:25:44+00:00\",\"breadcrumb\":{\"@id\":\"https:\/\/krankenkasse-beratung.logisch.ch\/index.php\/versicherungen\/rechtsschutzversicherung\/#breadcrumb\"},\"inLanguage\":\"de\",\"potentialAction\":[{\"@type\":\"ReadAction\",\"target\":[\"https:\/\/krankenkasse-beratung.logisch.ch\/index.php\/versicherungen\/rechtsschutzversicherung\/\"]}]},{\"@type\":\"ImageObject\",\"inLanguage\":\"de\",\"@id\":\"https:\/\/krankenkasse-beratung.logisch.ch\/index.php\/versicherungen\/rechtsschutzversicherung\/#primaryimage\",\"url\":\"https:\/\/krankenkasse-beratung.ch\/wp-content\/uploads\/2024\/08\/google-reviews-logo.webp\",\"contentUrl\":\"https:\/\/krankenkasse-beratung.ch\/wp-content\/uploads\/2024\/08\/google-reviews-logo.webp\"},{\"@type\":\"BreadcrumbList\",\"@id\":\"https:\/\/krankenkasse-beratung.logisch.ch\/index.php\/versicherungen\/rechtsschutzversicherung\/#breadcrumb\",\"itemListElement\":[{\"@type\":\"ListItem\",\"position\":1,\"name\":\"Start\",\"item\":\"https:\/\/krankenkasse-beratung.logisch.ch\/\"},{\"@type\":\"ListItem\",\"position\":2,\"name\":\"Versicherungen\",\"item\":\"https:\/\/krankenkasse-beratung.logisch.ch\/index.php\/versicherungen\/\"},{\"@type\":\"ListItem\",\"position\":3,\"name\":\"Rechtsschutzversicherung\"}]},{\"@type\":\"WebSite\",\"@id\":\"https:\/\/krankenkasse-beratung.logisch.ch\/#website\",\"url\":\"https:\/\/krankenkasse-beratung.logisch.ch\/\",\"name\":\"Krankenkasse Beratung\",\"description\":\"Beratungen und Vergleich f\u00fcr Ihre Krankenkasse\",\"potentialAction\":[{\"@type\":\"SearchAction\",\"target\":{\"@type\":\"EntryPoint\",\"urlTemplate\":\"https:\/\/krankenkasse-beratung.logisch.ch\/?s={search_term_string}\"},\"query-input\":{\"@type\":\"PropertyValueSpecification\",\"valueRequired\":true,\"valueName\":\"search_term_string\"}}],\"inLanguage\":\"de\"}]}<\/script>\n<!-- \/ Yoast SEO plugin. -->","yoast_head_json":{"title":"Rechtsschutzversicherung - Krankenkasse Beratung","robots":{"index":"index","follow":"follow","max-snippet":"max-snippet:-1","max-image-preview":"max-image-preview:large","max-video-preview":"max-video-preview:-1"},"canonical":"https:\/\/krankenkasse-beratung.logisch.ch\/index.php\/versicherungen\/rechtsschutzversicherung\/","og_locale":"de_DE","og_type":"article","og_title":"Rechtsschutzversicherung - Krankenkasse Beratung","og_description":"Deine Rechtsschutzversicherung in der Schweiz Rechtliche Absicherung, die dich sch\u00fctzt Sichere dir umfassenden rechtlichen Schutz mit einer massgeschneiderten Rechtsschutzversicherung. Wir helfen dir, die passende Versicherungsl\u00f6sung zu finden, die dich in rechtlichen Auseinandersetzungen optimal absichert.Finde jetzt den richtigen Rechtsschutz Kennst du auch diese&nbsp;Probleme? Unsicherheit bei der Wahl der Rechtsschutzversicherung Viele Menschen sind unsicher, welche Rechtsschutzversicherung ihre [&hellip;]","og_url":"https:\/\/krankenkasse-beratung.logisch.ch\/index.php\/versicherungen\/rechtsschutzversicherung\/","og_site_name":"Krankenkasse Beratung","article_modified_time":"2025-12-17T00:25:44+00:00","og_image":[{"url":"https:\/\/krankenkasse-beratung.ch\/wp-content\/uploads\/2024\/08\/google-reviews-logo.webp","type":"","width":"","height":""}],"twitter_card":"summary_large_image","twitter_misc":{"Gesch\u00e4tzte Lesezeit":"3\u00a0Minuten"},"schema":{"@context":"https:\/\/schema.org","@graph":[{"@type":"WebPage","@id":"https:\/\/krankenkasse-beratung.logisch.ch\/index.php\/versicherungen\/rechtsschutzversicherung\/","url":"https:\/\/krankenkasse-beratung.logisch.ch\/index.php\/versicherungen\/rechtsschutzversicherung\/","name":"Rechtsschutzversicherung - Krankenkasse Beratung","isPartOf":{"@id":"https:\/\/krankenkasse-beratung.logisch.ch\/#website"},"primaryImageOfPage":{"@id":"https:\/\/krankenkasse-beratung.logisch.ch\/index.php\/versicherungen\/rechtsschutzversicherung\/#primaryimage"},"image":{"@id":"https:\/\/krankenkasse-beratung.logisch.ch\/index.php\/versicherungen\/rechtsschutzversicherung\/#primaryimage"},"thumbnailUrl":"https:\/\/krankenkasse-beratung.ch\/wp-content\/uploads\/2024\/08\/google-reviews-logo.webp","datePublished":"2025-12-16T10:07:31+00:00","dateModified":"2025-12-17T00:25:44+00:00","breadcrumb":{"@id":"https:\/\/krankenkasse-beratung.logisch.ch\/index.php\/versicherungen\/rechtsschutzversicherung\/#breadcrumb"},"inLanguage":"de","potentialAction":[{"@type":"ReadAction","target":["https:\/\/krankenkasse-beratung.logisch.ch\/index.php\/versicherungen\/rechtsschutzversicherung\/"]}]},{"@type":"ImageObject","inLanguage":"de","@id":"https:\/\/krankenkasse-beratung.logisch.ch\/index.php\/versicherungen\/rechtsschutzversicherung\/#primaryimage","url":"https:\/\/krankenkasse-beratung.ch\/wp-content\/uploads\/2024\/08\/google-reviews-logo.webp","contentUrl":"https:\/\/krankenkasse-beratung.ch\/wp-content\/uploads\/2024\/08\/google-reviews-logo.webp"},{"@type":"BreadcrumbList","@id":"https:\/\/krankenkasse-beratung.logisch.ch\/index.php\/versicherungen\/rechtsschutzversicherung\/#breadcrumb","itemListElement":[{"@type":"ListItem","position":1,"name":"Start","item":"https:\/\/krankenkasse-beratung.logisch.ch\/"},{"@type":"ListItem","position":2,"name":"Versicherungen","item":"https:\/\/krankenkasse-beratung.logisch.ch\/index.php\/versicherungen\/"},{"@type":"ListItem","position":3,"name":"Rechtsschutzversicherung"}]},{"@type":"WebSite","@id":"https:\/\/krankenkasse-beratung.logisch.ch\/#website","url":"https:\/\/krankenkasse-beratung.logisch.ch\/","name":"Krankenkasse Beratung","description":"Beratungen und Vergleich f\u00fcr Ihre Krankenkasse","potentialAction":[{"@type":"SearchAction","target":{"@type":"EntryPoint","urlTemplate":"https:\/\/krankenkasse-beratung.logisch.ch\/?s={search_term_string}"},"query-input":{"@type":"PropertyValueSpecification","valueRequired":true,"valueName":"search_term_string"}}],"inLanguage":"de"}]}},"_links":{"self":[{"href":"https:\/\/krankenkasse-beratung.logisch.ch\/index.php\/wp-json\/wp\/v2\/pages\/29","targetHints":{"allow":["GET"]}}],"collection":[{"href":"https:\/\/krankenkasse-beratung.logisch.ch\/index.php\/wp-json\/wp\/v2\/pages"}],"about":[{"href":"https:\/\/krankenkasse-beratung.logisch.ch\/index.php\/wp-json\/wp\/v2\/types\/page"}],"author":[{"embeddable":true,"href":"https:\/\/krankenkasse-beratung.logisch.ch\/index.php\/wp-json\/wp\/v2\/users\/1"}],"replies":[{"embeddable":true,"href":"https:\/\/krankenkasse-beratung.logisch.ch\/index.php\/wp-json\/wp\/v2\/comments?post=29"}],"version-history":[{"count":3,"href":"https:\/\/krankenkasse-beratung.logisch.ch\/index.php\/wp-json\/wp\/v2\/pages\/29\/revisions"}],"predecessor-version":[{"id":102,"href":"https:\/\/krankenkasse-beratung.logisch.ch\/index.php\/wp-json\/wp\/v2\/pages\/29\/revisions\/102"}],"up":[{"embeddable":true,"href":"https:\/\/krankenkasse-beratung.logisch.ch\/index.php\/wp-json\/wp\/v2\/pages\/11"}],"wp:attachment":[{"href":"https:\/\/krankenkasse-beratung.logisch.ch\/index.php\/wp-json\/wp\/v2\/media?parent=29"}],"curies":[{"name":"wp","href":"https:\/\/api.w.org\/{rel}","templated":true}]}}