{"id":25,"date":"2025-12-16T10:03:45","date_gmt":"2025-12-16T10:03:45","guid":{"rendered":"https:\/\/krankenkasse-beratung.logisch.ch\/?page_id=25"},"modified":"2025-12-17T00:24:23","modified_gmt":"2025-12-17T00:24:23","slug":"zusatzversicherungen","status":"publish","type":"page","link":"https:\/\/krankenkasse-beratung.logisch.ch\/index.php\/versicherungen\/zusatzversicherungen\/","title":{"rendered":"Zusatzversicherungen"},"content":{"rendered":"\n<div class=\"wp-block-group has-border-color has-accent-3-border-color has-global-padding is-layout-constrained wp-block-group-is-layout-constrained\" style=\"border-width:2px\"><nav style=\"background-color: #affefe;\" class=\"has-background is-responsive wp-block-navigation is-layout-flex wp-block-navigation-is-layout-flex\" aria-label=\"mnu-Versicherungen\" \n\t\t data-wp-interactive=\"core\/navigation\" data-wp-context='{\"overlayOpenedBy\":{\"click\":false,\"hover\":false,\"focus\":false},\"type\":\"overlay\",\"roleAttribute\":\"\",\"ariaLabel\":\"Men\\u00fc\"}'><button aria-haspopup=\"dialog\" aria-label=\"Men\u00fc \u00f6ffnen\" class=\"wp-block-navigation__responsive-container-open\" \n\t\t\t\tdata-wp-on--click=\"actions.openMenuOnClick\"\n\t\t\t\tdata-wp-on--keydown=\"actions.handleMenuKeydown\"\n\t\t\t><svg width=\"24\" height=\"24\" xmlns=\"http:\/\/www.w3.org\/2000\/svg\" viewBox=\"0 0 24 24\" aria-hidden=\"true\" focusable=\"false\"><path d=\"M4 7.5h16v1.5H4z\"><\/path><path d=\"M4 15h16v1.5H4z\"><\/path><\/svg><\/button>\n\t\t\t\t<div class=\"wp-block-navigation__responsive-container\"  id=\"modal-1\" \n\t\t\t\tdata-wp-class--has-modal-open=\"state.isMenuOpen\"\n\t\t\t\tdata-wp-class--is-menu-open=\"state.isMenuOpen\"\n\t\t\t\tdata-wp-watch=\"callbacks.initMenu\"\n\t\t\t\tdata-wp-on--keydown=\"actions.handleMenuKeydown\"\n\t\t\t\tdata-wp-on--focusout=\"actions.handleMenuFocusout\"\n\t\t\t\ttabindex=\"-1\"\n\t\t\t>\n\t\t\t\t\t<div class=\"wp-block-navigation__responsive-close\" tabindex=\"-1\">\n\t\t\t\t\t\t<div class=\"wp-block-navigation__responsive-dialog\" \n\t\t\t\tdata-wp-bind--aria-modal=\"state.ariaModal\"\n\t\t\t\tdata-wp-bind--aria-label=\"state.ariaLabel\"\n\t\t\t\tdata-wp-bind--role=\"state.roleAttribute\"\n\t\t\t>\n\t\t\t\t\t\t\t<button aria-label=\"Men\u00fc schlie\u00dfen\" class=\"wp-block-navigation__responsive-container-close\" \n\t\t\t\tdata-wp-on--click=\"actions.closeMenuOnClick\"\n\t\t\t><svg xmlns=\"http:\/\/www.w3.org\/2000\/svg\" viewBox=\"0 0 24 24\" width=\"24\" height=\"24\" aria-hidden=\"true\" focusable=\"false\"><path d=\"m13.06 12 6.47-6.47-1.06-1.06L12 10.94 5.53 4.47 4.47 5.53 10.94 12l-6.47 6.47 1.06 1.06L12 13.06l6.47 6.47 1.06-1.06L13.06 12Z\"><\/path><\/svg><\/button>\n\t\t\t\t\t\t\t<div class=\"wp-block-navigation__responsive-container-content\" \n\t\t\t\tdata-wp-watch=\"callbacks.focusFirstElement\"\n\t\t\t id=\"modal-1-content\">\n\t\t\t\t\t\t\t\t<ul style=\"background-color: #affefe;\" class=\"wp-block-navigation__container has-background is-responsive wp-block-navigation\"><li class=\" wp-block-navigation-item wp-block-navigation-link\"><a class=\"wp-block-navigation-item__content\"  href=\"https:\/\/krankenkasse-beratung.logisch.ch\/index.php\/versicherungen\/\"><span class=\"wp-block-navigation-item__label\">Versicherungen<\/span><\/a><\/li><li class=\" wp-block-navigation-item wp-block-navigation-link\"><a class=\"wp-block-navigation-item__content\"  href=\"https:\/\/krankenkasse-beratung.logisch.ch\/index.php\/versicherungen\/zusatzversicherungen\/\"><span class=\"wp-block-navigation-item__label\">Zusatzversicherungen<\/span><\/a><\/li><li class=\" wp-block-navigation-item wp-block-navigation-link\"><a class=\"wp-block-navigation-item__content\"  href=\"https:\/\/krankenkasse-beratung.logisch.ch\/index.php\/versicherungen\/krankentaggeldversicherung-ktg\/\"><span class=\"wp-block-navigation-item__label\">Krankentaggeldversicherung (KTG)<\/span><\/a><\/li><li class=\" wp-block-navigation-item wp-block-navigation-link\"><a class=\"wp-block-navigation-item__content\"  href=\"https:\/\/krankenkasse-beratung.logisch.ch\/index.php\/versicherungen\/rechtsschutzversicherung\/\"><span class=\"wp-block-navigation-item__label\">Rechtsschutzversicherung<\/span><\/a><\/li><li class=\" wp-block-navigation-item wp-block-navigation-link\"><a class=\"wp-block-navigation-item__content\"  href=\"https:\/\/krankenkasse-beratung.logisch.ch\/index.php\/versicherungen\/lebensversicherung\/\"><span class=\"wp-block-navigation-item__label\">Lebensversicherung<\/span><\/a><\/li><\/ul>\n\t\t\t\t\t\t\t<\/div>\n\t\t\t\t\t\t<\/div>\n\t\t\t\t\t<\/div>\n\t\t\t\t<\/div><\/nav><\/div>\n\n\n\n<h1 class=\"wp-block-heading\">Deine Zusatzversicherung in der Schweiz<\/h1>\n\n\n\n<h2 class=\"wp-block-heading\">Erweiterter Schutz, genau auf dich zugeschnitten<\/h2>\n\n\n\n<p>Erweitere deine Gesundheitsversorgung mit individuell angepassten Zusatzversicherungen. Unser Ziel ist es, dir die ideale Zusatzversicherung zu erm\u00f6glichen, die deinen speziellen Bed\u00fcrfnissen entspricht und dir das zus\u00e4tzliche Mass an Sicherheit und Geborgenheit gibt, das du verdienst.<a href=\"https:\/\/krankenkasse-beratung.ch\/zusatzversicherung\/#antragsformular\">Finde jetzt die richtige Zusatzversicherung<\/a><\/p>\n\n\n\n<figure class=\"wp-block-image\"><img decoding=\"async\" src=\"https:\/\/krankenkasse-beratung.ch\/wp-content\/uploads\/2024\/08\/google-reviews-logo.webp\" alt=\"\"\/><\/figure>\n\n\n\n<figure class=\"wp-block-image\"><img decoding=\"async\" src=\"https:\/\/krankenkasse-beratung.ch\/wp-content\/uploads\/2024\/08\/trustpilot-logo.webp\" alt=\"\"\/><\/figure>\n\n\n\n<figure class=\"wp-block-image\"><img decoding=\"async\" src=\"https:\/\/krankenkasse-beratung.ch\/wp-content\/uploads\/2024\/09\/Cicero_certified_rgb-150x150-1.png\" alt=\"\"\/><\/figure>\n\n\n\n<figure class=\"wp-block-image\"><img decoding=\"async\" src=\"https:\/\/krankenkasse-beratung.ch\/wp-content\/uploads\/2024\/09\/vbv-logo-150x150-1.png\" alt=\"\"\/><\/figure>\n\n\n\n<figure class=\"wp-block-image\"><img decoding=\"async\" src=\"https:\/\/krankenkasse-beratung.ch\/wp-content\/uploads\/2024\/09\/DSGVO_4-1024x345-1.png\" alt=\"\"\/><\/figure>\n\n\n\n<h2 class=\"wp-block-heading\">Kennst du auch diese&nbsp;Probleme?<\/h2>\n\n\n\n<h3 class=\"wp-block-heading\">Unsicherheit bei der Wahl der Zusatzversicherung<\/h3>\n\n\n\n<p>Die richtige Zusatzversicherung zu finden, kann schwierig sein. Wir sorgen daf\u00fcr, dass du genau verstehst, welche Versicherung die besten Leistungen bietet und wie du die richtige Wahl triffst.<\/p>\n\n\n\n<h3 class=\"wp-block-heading\">Un\u00fcbersichtliche<br>Tarifoptionen<\/h3>\n\n\n\n<p>Die verschiedenen Zusatzversicherungstarife k\u00f6nnen verwirrend sein. Wir machen den Prozess klar und einfach, damit du den passenden Tarif findest.<br><\/p>\n\n\n\n<h3 class=\"wp-block-heading\">Komplizierte Leistungs\u00fcbersichten<\/h3>\n\n\n\n<p>Die komplexen Leistungsbeschreibungen k\u00f6nnen es schwierig machen, die besten Angebote zu identifizieren. Wir entwirren diese f\u00fcr dich und pr\u00e4sentieren dir die besten Optionen klar und verst\u00e4ndlich.<\/p>\n\n\n\n<p><a href=\"https:\/\/krankenkasse-beratung.ch\/zusatzversicherung\/#antragsformular\">Individuelle L\u00f6sung finden<\/a><\/p>\n\n\n\n<figure class=\"wp-block-image\"><a class=\"logo-item\" href=\"https:\/\/krankenkasse-beratung.ch\/krankenkasse-visana\" target=\"_blank\" rel=\"noreferrer noopener\"><img decoding=\"async\" src=\"https:\/\/krankenkasse-beratung.ch\/wp-content\/uploads\/2024\/08\/krankenkasse-visana-versicherungen-ag-1.png\" alt=\"Visana_Logo\"\/><\/a><\/figure>\n\n\n\n<figure class=\"wp-block-image\"><a class=\"logo-item\" href=\"https:\/\/krankenkasse-beratung.ch\/krankenkasse-helsana\" target=\"_blank\" rel=\"noreferrer noopener\"><img decoding=\"async\" src=\"https:\/\/krankenkasse-beratung.ch\/wp-content\/uploads\/2024\/08\/krankenkasse-helsana-zusatzversicherungen-1.webp\" alt=\"Client 3 Logo\"\/><\/a><\/figure>\n\n\n\n<figure class=\"wp-block-image\"><a class=\"logo-item\" href=\"https:\/\/krankenkasse-beratung.ch\/krankenkasse-groupe-mutuel\" target=\"_blank\" rel=\"noreferrer noopener\"><img decoding=\"async\" src=\"https:\/\/krankenkasse-beratung.ch\/wp-content\/uploads\/2024\/08\/krankenkasse-groupe-mutuel-assurances-1.webp\" alt=\"Client 4 Logo\"\/><\/a><\/figure>\n\n\n\n<figure class=\"wp-block-image\"><a class=\"logo-item\" href=\"https:\/\/krankenkasse-beratung.ch\/krankenkasse-css\" target=\"_blank\" rel=\"noreferrer noopener\"><img decoding=\"async\" src=\"https:\/\/krankenkasse-beratung.ch\/wp-content\/uploads\/2024\/08\/krankenkasse-css-versicherung-ag-1.webp\" alt=\"Client 5 Logo\"\/><\/a><\/figure>\n\n\n\n<figure class=\"wp-block-image\"><a class=\"logo-item\" href=\"https:\/\/krankenkasse-beratung.ch\/krankenkasse-sanitas\" target=\"_blank\" rel=\"noreferrer noopener\"><img decoding=\"async\" src=\"https:\/\/krankenkasse-beratung.ch\/wp-content\/uploads\/2024\/08\/krankenkasse-sanitas-privatversicherungen-ag-1.webp\" alt=\"Client 6 Logo\"\/><\/a><\/figure>\n\n\n\n<figure class=\"wp-block-image\"><a class=\"logo-item d-lg-grid\" href=\"https:\/\/krankenkasse-beratung.ch\/krankenkasse-concordia\" target=\"_blank\" rel=\"noreferrer noopener\"><img decoding=\"async\" src=\"https:\/\/krankenkasse-beratung.ch\/wp-content\/uploads\/2024\/09\/concordia.webp\" alt=\"Client 6 Logo\"\/><\/a><\/figure>\n","protected":false},"excerpt":{"rendered":"<p>Deine Zusatzversicherung in der Schweiz Erweiterter Schutz, genau auf dich zugeschnitten Erweitere deine Gesundheitsversorgung mit individuell angepassten Zusatzversicherungen. Unser Ziel ist es, dir die ideale Zusatzversicherung zu erm\u00f6glichen, die deinen speziellen Bed\u00fcrfnissen entspricht und dir das zus\u00e4tzliche Mass an Sicherheit und Geborgenheit gibt, das du verdienst.Finde jetzt die richtige Zusatzversicherung Kennst du auch diese&nbsp;Probleme? Unsicherheit [&hellip;]<\/p>\n","protected":false},"author":1,"featured_media":0,"parent":11,"menu_order":1,"comment_status":"closed","ping_status":"closed","template":"","meta":{"footnotes":""},"class_list":["post-25","page","type-page","status-publish","hentry"],"yoast_head":"<!-- This site is optimized with the Yoast SEO plugin v26.6 - https:\/\/yoast.com\/wordpress\/plugins\/seo\/ -->\n<title>Zusatzversicherungen - Krankenkasse Beratung<\/title>\n<meta name=\"robots\" content=\"index, follow, max-snippet:-1, max-image-preview:large, max-video-preview:-1\" \/>\n<link rel=\"canonical\" href=\"https:\/\/krankenkasse-beratung.logisch.ch\/index.php\/versicherungen\/zusatzversicherungen\/\" \/>\n<meta property=\"og:locale\" content=\"de_DE\" \/>\n<meta property=\"og:type\" content=\"article\" \/>\n<meta property=\"og:title\" content=\"Zusatzversicherungen - Krankenkasse Beratung\" \/>\n<meta property=\"og:description\" content=\"Deine Zusatzversicherung in der Schweiz Erweiterter Schutz, genau auf dich zugeschnitten Erweitere deine Gesundheitsversorgung mit individuell angepassten Zusatzversicherungen. Unser Ziel ist es, dir die ideale Zusatzversicherung zu erm\u00f6glichen, die deinen speziellen Bed\u00fcrfnissen entspricht und dir das zus\u00e4tzliche Mass an Sicherheit und Geborgenheit gibt, das du verdienst.Finde jetzt die richtige Zusatzversicherung Kennst du auch diese&nbsp;Probleme? Unsicherheit [&hellip;]\" \/>\n<meta property=\"og:url\" content=\"https:\/\/krankenkasse-beratung.logisch.ch\/index.php\/versicherungen\/zusatzversicherungen\/\" \/>\n<meta property=\"og:site_name\" content=\"Krankenkasse Beratung\" \/>\n<meta property=\"article:modified_time\" content=\"2025-12-17T00:24:23+00:00\" \/>\n<meta property=\"og:image\" content=\"https:\/\/krankenkasse-beratung.ch\/wp-content\/uploads\/2024\/08\/google-reviews-logo.webp\" \/>\n<meta name=\"twitter:card\" content=\"summary_large_image\" \/>\n<meta name=\"twitter:label1\" content=\"Gesch\u00e4tzte Lesezeit\" \/>\n\t<meta name=\"twitter:data1\" content=\"3\u00a0Minuten\" \/>\n<script type=\"application\/ld+json\" class=\"yoast-schema-graph\">{\"@context\":\"https:\/\/schema.org\",\"@graph\":[{\"@type\":\"WebPage\",\"@id\":\"https:\/\/krankenkasse-beratung.logisch.ch\/index.php\/versicherungen\/zusatzversicherungen\/\",\"url\":\"https:\/\/krankenkasse-beratung.logisch.ch\/index.php\/versicherungen\/zusatzversicherungen\/\",\"name\":\"Zusatzversicherungen - Krankenkasse Beratung\",\"isPartOf\":{\"@id\":\"https:\/\/krankenkasse-beratung.logisch.ch\/#website\"},\"primaryImageOfPage\":{\"@id\":\"https:\/\/krankenkasse-beratung.logisch.ch\/index.php\/versicherungen\/zusatzversicherungen\/#primaryimage\"},\"image\":{\"@id\":\"https:\/\/krankenkasse-beratung.logisch.ch\/index.php\/versicherungen\/zusatzversicherungen\/#primaryimage\"},\"thumbnailUrl\":\"https:\/\/krankenkasse-beratung.ch\/wp-content\/uploads\/2024\/08\/google-reviews-logo.webp\",\"datePublished\":\"2025-12-16T10:03:45+00:00\",\"dateModified\":\"2025-12-17T00:24:23+00:00\",\"breadcrumb\":{\"@id\":\"https:\/\/krankenkasse-beratung.logisch.ch\/index.php\/versicherungen\/zusatzversicherungen\/#breadcrumb\"},\"inLanguage\":\"de\",\"potentialAction\":[{\"@type\":\"ReadAction\",\"target\":[\"https:\/\/krankenkasse-beratung.logisch.ch\/index.php\/versicherungen\/zusatzversicherungen\/\"]}]},{\"@type\":\"ImageObject\",\"inLanguage\":\"de\",\"@id\":\"https:\/\/krankenkasse-beratung.logisch.ch\/index.php\/versicherungen\/zusatzversicherungen\/#primaryimage\",\"url\":\"https:\/\/krankenkasse-beratung.ch\/wp-content\/uploads\/2024\/08\/google-reviews-logo.webp\",\"contentUrl\":\"https:\/\/krankenkasse-beratung.ch\/wp-content\/uploads\/2024\/08\/google-reviews-logo.webp\"},{\"@type\":\"BreadcrumbList\",\"@id\":\"https:\/\/krankenkasse-beratung.logisch.ch\/index.php\/versicherungen\/zusatzversicherungen\/#breadcrumb\",\"itemListElement\":[{\"@type\":\"ListItem\",\"position\":1,\"name\":\"Start\",\"item\":\"https:\/\/krankenkasse-beratung.logisch.ch\/\"},{\"@type\":\"ListItem\",\"position\":2,\"name\":\"Versicherungen\",\"item\":\"https:\/\/krankenkasse-beratung.logisch.ch\/index.php\/versicherungen\/\"},{\"@type\":\"ListItem\",\"position\":3,\"name\":\"Zusatzversicherungen\"}]},{\"@type\":\"WebSite\",\"@id\":\"https:\/\/krankenkasse-beratung.logisch.ch\/#website\",\"url\":\"https:\/\/krankenkasse-beratung.logisch.ch\/\",\"name\":\"Krankenkasse Beratung\",\"description\":\"Beratungen und Vergleich f\u00fcr Ihre Krankenkasse\",\"potentialAction\":[{\"@type\":\"SearchAction\",\"target\":{\"@type\":\"EntryPoint\",\"urlTemplate\":\"https:\/\/krankenkasse-beratung.logisch.ch\/?s={search_term_string}\"},\"query-input\":{\"@type\":\"PropertyValueSpecification\",\"valueRequired\":true,\"valueName\":\"search_term_string\"}}],\"inLanguage\":\"de\"}]}<\/script>\n<!-- \/ Yoast SEO plugin. -->","yoast_head_json":{"title":"Zusatzversicherungen - Krankenkasse Beratung","robots":{"index":"index","follow":"follow","max-snippet":"max-snippet:-1","max-image-preview":"max-image-preview:large","max-video-preview":"max-video-preview:-1"},"canonical":"https:\/\/krankenkasse-beratung.logisch.ch\/index.php\/versicherungen\/zusatzversicherungen\/","og_locale":"de_DE","og_type":"article","og_title":"Zusatzversicherungen - Krankenkasse Beratung","og_description":"Deine Zusatzversicherung in der Schweiz Erweiterter Schutz, genau auf dich zugeschnitten Erweitere deine Gesundheitsversorgung mit individuell angepassten Zusatzversicherungen. Unser Ziel ist es, dir die ideale Zusatzversicherung zu erm\u00f6glichen, die deinen speziellen Bed\u00fcrfnissen entspricht und dir das zus\u00e4tzliche Mass an Sicherheit und Geborgenheit gibt, das du verdienst.Finde jetzt die richtige Zusatzversicherung Kennst du auch diese&nbsp;Probleme? Unsicherheit [&hellip;]","og_url":"https:\/\/krankenkasse-beratung.logisch.ch\/index.php\/versicherungen\/zusatzversicherungen\/","og_site_name":"Krankenkasse Beratung","article_modified_time":"2025-12-17T00:24:23+00:00","og_image":[{"url":"https:\/\/krankenkasse-beratung.ch\/wp-content\/uploads\/2024\/08\/google-reviews-logo.webp","type":"","width":"","height":""}],"twitter_card":"summary_large_image","twitter_misc":{"Gesch\u00e4tzte Lesezeit":"3\u00a0Minuten"},"schema":{"@context":"https:\/\/schema.org","@graph":[{"@type":"WebPage","@id":"https:\/\/krankenkasse-beratung.logisch.ch\/index.php\/versicherungen\/zusatzversicherungen\/","url":"https:\/\/krankenkasse-beratung.logisch.ch\/index.php\/versicherungen\/zusatzversicherungen\/","name":"Zusatzversicherungen - Krankenkasse Beratung","isPartOf":{"@id":"https:\/\/krankenkasse-beratung.logisch.ch\/#website"},"primaryImageOfPage":{"@id":"https:\/\/krankenkasse-beratung.logisch.ch\/index.php\/versicherungen\/zusatzversicherungen\/#primaryimage"},"image":{"@id":"https:\/\/krankenkasse-beratung.logisch.ch\/index.php\/versicherungen\/zusatzversicherungen\/#primaryimage"},"thumbnailUrl":"https:\/\/krankenkasse-beratung.ch\/wp-content\/uploads\/2024\/08\/google-reviews-logo.webp","datePublished":"2025-12-16T10:03:45+00:00","dateModified":"2025-12-17T00:24:23+00:00","breadcrumb":{"@id":"https:\/\/krankenkasse-beratung.logisch.ch\/index.php\/versicherungen\/zusatzversicherungen\/#breadcrumb"},"inLanguage":"de","potentialAction":[{"@type":"ReadAction","target":["https:\/\/krankenkasse-beratung.logisch.ch\/index.php\/versicherungen\/zusatzversicherungen\/"]}]},{"@type":"ImageObject","inLanguage":"de","@id":"https:\/\/krankenkasse-beratung.logisch.ch\/index.php\/versicherungen\/zusatzversicherungen\/#primaryimage","url":"https:\/\/krankenkasse-beratung.ch\/wp-content\/uploads\/2024\/08\/google-reviews-logo.webp","contentUrl":"https:\/\/krankenkasse-beratung.ch\/wp-content\/uploads\/2024\/08\/google-reviews-logo.webp"},{"@type":"BreadcrumbList","@id":"https:\/\/krankenkasse-beratung.logisch.ch\/index.php\/versicherungen\/zusatzversicherungen\/#breadcrumb","itemListElement":[{"@type":"ListItem","position":1,"name":"Start","item":"https:\/\/krankenkasse-beratung.logisch.ch\/"},{"@type":"ListItem","position":2,"name":"Versicherungen","item":"https:\/\/krankenkasse-beratung.logisch.ch\/index.php\/versicherungen\/"},{"@type":"ListItem","position":3,"name":"Zusatzversicherungen"}]},{"@type":"WebSite","@id":"https:\/\/krankenkasse-beratung.logisch.ch\/#website","url":"https:\/\/krankenkasse-beratung.logisch.ch\/","name":"Krankenkasse Beratung","description":"Beratungen und Vergleich f\u00fcr Ihre Krankenkasse","potentialAction":[{"@type":"SearchAction","target":{"@type":"EntryPoint","urlTemplate":"https:\/\/krankenkasse-beratung.logisch.ch\/?s={search_term_string}"},"query-input":{"@type":"PropertyValueSpecification","valueRequired":true,"valueName":"search_term_string"}}],"inLanguage":"de"}]}},"_links":{"self":[{"href":"https:\/\/krankenkasse-beratung.logisch.ch\/index.php\/wp-json\/wp\/v2\/pages\/25","targetHints":{"allow":["GET"]}}],"collection":[{"href":"https:\/\/krankenkasse-beratung.logisch.ch\/index.php\/wp-json\/wp\/v2\/pages"}],"about":[{"href":"https:\/\/krankenkasse-beratung.logisch.ch\/index.php\/wp-json\/wp\/v2\/types\/page"}],"author":[{"embeddable":true,"href":"https:\/\/krankenkasse-beratung.logisch.ch\/index.php\/wp-json\/wp\/v2\/users\/1"}],"replies":[{"embeddable":true,"href":"https:\/\/krankenkasse-beratung.logisch.ch\/index.php\/wp-json\/wp\/v2\/comments?post=25"}],"version-history":[{"count":3,"href":"https:\/\/krankenkasse-beratung.logisch.ch\/index.php\/wp-json\/wp\/v2\/pages\/25\/revisions"}],"predecessor-version":[{"id":100,"href":"https:\/\/krankenkasse-beratung.logisch.ch\/index.php\/wp-json\/wp\/v2\/pages\/25\/revisions\/100"}],"up":[{"embeddable":true,"href":"https:\/\/krankenkasse-beratung.logisch.ch\/index.php\/wp-json\/wp\/v2\/pages\/11"}],"wp:attachment":[{"href":"https:\/\/krankenkasse-beratung.logisch.ch\/index.php\/wp-json\/wp\/v2\/media?parent=25"}],"curies":[{"name":"wp","href":"https:\/\/api.w.org\/{rel}","templated":true}]}}