{"id":13,"date":"2025-12-16T08:48:12","date_gmt":"2025-12-16T08:48:12","guid":{"rendered":"https:\/\/krankenkasse-beratung.logisch.ch\/?page_id=13"},"modified":"2025-12-17T00:17:03","modified_gmt":"2025-12-17T00:17:03","slug":"krankenkasse","status":"publish","type":"page","link":"https:\/\/krankenkasse-beratung.logisch.ch\/index.php\/krankenkasse\/","title":{"rendered":"Krankenkasse"},"content":{"rendered":"\n<div class=\"wp-block-group has-border-color has-background has-global-padding is-layout-constrained wp-block-group-is-layout-constrained\" style=\"border-color:#503AA8;border-width:2px;background-color:#affefe\"><nav style=\"background-color: #aaffff;\" class=\"has-background is-responsive wp-block-navigation is-layout-flex wp-block-navigation-is-layout-flex\" aria-label=\"Men\u00fc\" \n\t\t data-wp-interactive=\"core\/navigation\" data-wp-context='{\"overlayOpenedBy\":{\"click\":false,\"hover\":false,\"focus\":false},\"type\":\"overlay\",\"roleAttribute\":\"\",\"ariaLabel\":\"Men\\u00fc\"}'><button aria-haspopup=\"dialog\" aria-label=\"Men\u00fc \u00f6ffnen\" class=\"wp-block-navigation__responsive-container-open\" \n\t\t\t\tdata-wp-on--click=\"actions.openMenuOnClick\"\n\t\t\t\tdata-wp-on--keydown=\"actions.handleMenuKeydown\"\n\t\t\t><svg width=\"24\" height=\"24\" xmlns=\"http:\/\/www.w3.org\/2000\/svg\" viewBox=\"0 0 24 24\" aria-hidden=\"true\" focusable=\"false\"><path d=\"M4 7.5h16v1.5H4z\"><\/path><path d=\"M4 15h16v1.5H4z\"><\/path><\/svg><\/button>\n\t\t\t\t<div class=\"wp-block-navigation__responsive-container\"  id=\"modal-1\" \n\t\t\t\tdata-wp-class--has-modal-open=\"state.isMenuOpen\"\n\t\t\t\tdata-wp-class--is-menu-open=\"state.isMenuOpen\"\n\t\t\t\tdata-wp-watch=\"callbacks.initMenu\"\n\t\t\t\tdata-wp-on--keydown=\"actions.handleMenuKeydown\"\n\t\t\t\tdata-wp-on--focusout=\"actions.handleMenuFocusout\"\n\t\t\t\ttabindex=\"-1\"\n\t\t\t>\n\t\t\t\t\t<div class=\"wp-block-navigation__responsive-close\" tabindex=\"-1\">\n\t\t\t\t\t\t<div class=\"wp-block-navigation__responsive-dialog\" \n\t\t\t\tdata-wp-bind--aria-modal=\"state.ariaModal\"\n\t\t\t\tdata-wp-bind--aria-label=\"state.ariaLabel\"\n\t\t\t\tdata-wp-bind--role=\"state.roleAttribute\"\n\t\t\t>\n\t\t\t\t\t\t\t<button aria-label=\"Men\u00fc schlie\u00dfen\" class=\"wp-block-navigation__responsive-container-close\" \n\t\t\t\tdata-wp-on--click=\"actions.closeMenuOnClick\"\n\t\t\t><svg xmlns=\"http:\/\/www.w3.org\/2000\/svg\" viewBox=\"0 0 24 24\" width=\"24\" height=\"24\" aria-hidden=\"true\" focusable=\"false\"><path d=\"m13.06 12 6.47-6.47-1.06-1.06L12 10.94 5.53 4.47 4.47 5.53 10.94 12l-6.47 6.47 1.06 1.06L12 13.06l6.47 6.47 1.06-1.06L13.06 12Z\"><\/path><\/svg><\/button>\n\t\t\t\t\t\t\t<div class=\"wp-block-navigation__responsive-container-content\" \n\t\t\t\tdata-wp-watch=\"callbacks.focusFirstElement\"\n\t\t\t id=\"modal-1-content\">\n\t\t\t\t\t\t\t\t<ul style=\"background-color: #aaffff;\" class=\"wp-block-navigation__container has-background is-responsive wp-block-navigation\"><li class=\" wp-block-navigation-item wp-block-navigation-link\"><a class=\"wp-block-navigation-item__content\"  href=\"https:\/\/krankenkasse-beratung.logisch.ch\/index.php\/krankenkasse\/\"><span class=\"wp-block-navigation-item__label\">Krankenkasse<\/span><\/a><\/li><li class=\" wp-block-navigation-item wp-block-navigation-link\"><a class=\"wp-block-navigation-item__content\"  href=\"https:\/\/krankenkasse-beratung.logisch.ch\/index.php\/krankenkasse\/krankenkasse-wechseln\/\"><span class=\"wp-block-navigation-item__label\">Krankenkasse wechseln<\/span><\/a><\/li><li class=\" wp-block-navigation-item wp-block-navigation-link\"><a class=\"wp-block-navigation-item__content\"  href=\"https:\/\/krankenkasse-beratung.logisch.ch\/index.php\/krankenkasse\/krankenkasse-kuendigen\/\"><span class=\"wp-block-navigation-item__label\">Krankenkasse k\u00fcndigen<\/span><\/a><\/li><li class=\" wp-block-navigation-item wp-block-navigation-link\"><a class=\"wp-block-navigation-item__content\"  href=\"https:\/\/krankenkasse-beratung.logisch.ch\/index.php\/krankenkasse\/vorgeburtliche-anmeldung\/\"><span class=\"wp-block-navigation-item__label\">Vorgeburtliche Anmeldung<\/span><\/a><\/li><\/ul>\n\t\t\t\t\t\t\t<\/div>\n\t\t\t\t\t\t<\/div>\n\t\t\t\t\t<\/div>\n\t\t\t\t<\/div><\/nav><\/div>\n\n\n\n<h1 class=\"wp-block-heading\">Deine Krankenkasse in der Schweiz<\/h1>\n\n\n\n<h2 class=\"wp-block-heading\">Umfassender Schutz, massgeschneiderte L\u00f6sungen<\/h2>\n\n\n\n<p>Sichere dir die bestm\u00f6gliche Gesundheitsversorgung in der Schweiz mit unserer umfassenden Krankenkassenberatung. Wir helfen dir, das richtige Versicherungsmodell zu finden, das deinen Bed\u00fcrfnissen und deinem Budget entspricht.<a href=\"https:\/\/krankenkasse-beratung.ch\/krankenkasse\/#antragsformular\">Finde die richtige Krankenkasse<\/a><\/p>\n\n\n\n<h2 class=\"wp-block-heading\">Erinnerst du dich an diese&nbsp;Probleme?<\/h2>\n\n\n\n<h3 class=\"wp-block-heading\">Unsicherheit bei der Krankenkassenwahl<\/h3>\n\n\n\n<p>Viele Menschen sind unsicher, welche Krankenkasse ihren individuellen Bed\u00fcrfnissen am besten entspricht und wie sie eine fundierte Entscheidung treffen k\u00f6nnen.<\/p>\n\n\n\n<h3 class=\"wp-block-heading\">Un\u00fcbersichtliche Versicherungsmodelle<\/h3>\n\n\n\n<p>Die Vielzahl an Krankenkassenmodellen und deren Unterschiede k\u00f6nnen \u00fcberw\u00e4ltigend sein, was es schwierig macht, den richtigen Tarif zu w\u00e4hlen.<\/p>\n\n\n\n<h3 class=\"wp-block-heading\">Komplizierte Pr\u00e4mienberechnung<\/h3>\n\n\n\n<p>Die Berechnung und der Vergleich von Krankenkassenpr\u00e4mien sind oft zeitaufwendig und kompliziert, was es erschwert, schnell die besten Angebote zu finden.<\/p>\n\n\n\n<p><a href=\"https:\/\/krankenkasse-beratung.ch\/krankenkasse\/#antragsformular\">Individuelle L\u00f6sung finden<\/a><\/p>\n\n\n\n<h2 class=\"wp-block-heading\">Vergleiche unverbindlich Premium-Versicherungsangebote<br>von vertrauensw\u00fcrdigen Gesellschaften<\/h2>\n\n\n\n<figure class=\"wp-block-image\"><a class=\"logo-item\" href=\"https:\/\/krankenkasse-beratung.ch\/krankenkasse-visana\" target=\"_blank\" rel=\"noreferrer noopener\"><img decoding=\"async\" src=\"https:\/\/krankenkasse-beratung.ch\/wp-content\/uploads\/2024\/08\/krankenkasse-visana-versicherungen-ag-1.png\" alt=\"Visana_Logo\"\/><\/a><\/figure>\n\n\n\n<figure class=\"wp-block-image\"><a class=\"logo-item\" href=\"https:\/\/krankenkasse-beratung.ch\/krankenkasse-helsana\" target=\"_blank\" rel=\"noreferrer noopener\"><img decoding=\"async\" src=\"https:\/\/krankenkasse-beratung.ch\/wp-content\/uploads\/2024\/08\/krankenkasse-helsana-zusatzversicherungen-1.webp\" alt=\"Client 3 Logo\"\/><\/a><\/figure>\n\n\n\n<figure class=\"wp-block-image\"><a class=\"logo-item\" href=\"https:\/\/krankenkasse-beratung.ch\/krankenkasse-groupe-mutuel\" target=\"_blank\" rel=\"noreferrer noopener\"><img decoding=\"async\" src=\"https:\/\/krankenkasse-beratung.ch\/wp-content\/uploads\/2024\/08\/krankenkasse-groupe-mutuel-assurances-1.webp\" alt=\"Client 4 Logo\"\/><\/a><\/figure>\n\n\n\n<figure class=\"wp-block-image\"><a class=\"logo-item\" href=\"https:\/\/krankenkasse-beratung.ch\/krankenkasse-css\" target=\"_blank\" rel=\"noreferrer noopener\"><img decoding=\"async\" src=\"https:\/\/krankenkasse-beratung.ch\/wp-content\/uploads\/2024\/08\/krankenkasse-css-versicherung-ag-1.webp\" alt=\"Client 5 Logo\"\/><\/a><\/figure>\n\n\n\n<figure class=\"wp-block-image\"><a class=\"logo-item\" href=\"https:\/\/krankenkasse-beratung.ch\/krankenkasse-sanitas\" target=\"_blank\" rel=\"noreferrer noopener\"><img decoding=\"async\" src=\"https:\/\/krankenkasse-beratung.ch\/wp-content\/uploads\/2024\/08\/krankenkasse-sanitas-privatversicherungen-ag-1.webp\" alt=\"Client 6 Logo\"\/><\/a><\/figure>\n\n\n\n<figure class=\"wp-block-image\"><a class=\"logo-item d-lg-grid\" href=\"https:\/\/krankenkasse-beratung.ch\/krankenkasse-concordia\" target=\"_blank\" rel=\"noreferrer noopener\"><img decoding=\"async\" src=\"https:\/\/krankenkasse-beratung.ch\/wp-content\/uploads\/2024\/09\/concordia.webp\" alt=\"Client 6 Logo\"\/><\/a><\/figure>\n\n\n\n<h2 class=\"wp-block-heading\">Kontaktiere uns<\/h2>\n\n\n\n<p>Wir helfen dir in jeder Lebenslage weiter \u2013 egal, ob du deine Krankenkasse wechseln oder einfach nur die besten Angebote vergleichen m\u00f6chtest. Spare Pr\u00e4mien, ohne auf Leistungen zu verzichten!<a href=\"https:\/\/krankenkasse-beratung.ch\/krankenkasse\/#antragsformular\">Jetzt ein Angebot einholen<\/a><\/p>\n\n\n\n<h2 class=\"wp-block-heading\">Einfach die&nbsp;beste&nbsp;Versicherung finden<\/h2>\n\n\n\n<h3 class=\"wp-block-heading\">Unverbindlich Krankenkasse vergleichen<\/h3>\n\n\n\n<p>Gib deine pers\u00f6nlichen Daten in unser Vergleichsformular ein und lass dir einen unverbindlichen Vergleich deiner aktuellen Krankenkasse erstellen. Du erh\u00e4ltst sofort eine \u00dcbersicht \u00fcber die besten Angebote mit gleichen Leistungen, aber niedrigeren Pr\u00e4mien.<\/p>\n\n\n\n<h3 class=\"wp-block-heading\">Potenzielle Ersparnisse berechnen<\/h3>\n\n\n\n<p>Nutze alternativ den offiziellen Pr\u00e4mienrechner des Bundes, um deine m\u00f6glichen Ersparnisse selbst zu berechnen. Dieser einfache Schritt hilft dir, ein klares Bild davon zu bekommen, wie viel du durch einen Wechsel sparen kannst.<\/p>\n\n\n\n<h3 class=\"wp-block-heading\">Pers\u00f6nliche Beratung und Wechsel<\/h3>\n\n\n\n<p>Wenn du Fragen hast oder Unterst\u00fctzung beim Wechsel ben\u00f6tigst, sind unsere Experten f\u00fcr dich da. Kontaktiere uns noch heute, und wir beantworten alle deine Fragen zum Thema \u201eKrankenkasse wechseln\u201c. Unser Team steht dir zur Seite, um den Wechsel reibungslos und stressfrei zu gestalten.<\/p>\n\n\n\n<h2 class=\"wp-block-heading\">Unsere&nbsp;Leistungen&nbsp;f\u00fcr dich<\/h2>\n\n\n\n<h3 class=\"wp-block-heading\">Massgeschneiderte Versicherungsl\u00f6sungen<\/h3>\n\n\n\n<p>Wir bieten dir individuell zugeschnittene Versicherungspl\u00e4ne, die genau deinen Bed\u00fcrfnissen entsprechen und echten Mehrwert bieten.<\/p>\n\n\n\n<h3 class=\"wp-block-heading\">Ehrliche Beratung f\u00fcr deine Ersparnisse<\/h3>\n\n\n\n<p>Unser Ziel ist es, dir ehrliche und realistische Einsparungsm\u00f6glichkeiten aufzuzeigen, damit du genau weisst, wie du deine Pr\u00e4mien optimal senken kannst.<\/p>\n\n\n\n<h3 class=\"wp-block-heading\">Individuelle L\u00f6sungen f\u00fcr deine Bed\u00fcrfnisse<\/h3>\n\n\n\n<p>Wir nehmen uns Zeit, deine individuellen Bed\u00fcrfnisse und Bedenken zu verstehen, um dir die bestm\u00f6gliche Versicherungsl\u00f6sung zu bieten, die dich sicher und zufrieden macht.<\/p>\n","protected":false},"excerpt":{"rendered":"<p>Deine Krankenkasse in der Schweiz Umfassender Schutz, massgeschneiderte L\u00f6sungen Sichere dir die bestm\u00f6gliche Gesundheitsversorgung in der Schweiz mit unserer umfassenden Krankenkassenberatung. Wir helfen dir, das richtige Versicherungsmodell zu finden, das deinen Bed\u00fcrfnissen und deinem Budget entspricht.Finde die richtige Krankenkasse Erinnerst du dich an diese&nbsp;Probleme? Unsicherheit bei der Krankenkassenwahl Viele Menschen sind unsicher, welche Krankenkasse ihren [&hellip;]<\/p>\n","protected":false},"author":1,"featured_media":0,"parent":0,"menu_order":0,"comment_status":"closed","ping_status":"closed","template":"","meta":{"footnotes":""},"class_list":["post-13","page","type-page","status-publish","hentry"],"yoast_head":"<!-- This site is optimized with the Yoast SEO plugin v26.6 - https:\/\/yoast.com\/wordpress\/plugins\/seo\/ -->\n<title>Krankenkasse - Krankenkasse Beratung<\/title>\n<meta name=\"robots\" content=\"index, follow, max-snippet:-1, max-image-preview:large, max-video-preview:-1\" \/>\n<link rel=\"canonical\" href=\"https:\/\/krankenkasse-beratung.logisch.ch\/index.php\/krankenkasse\/\" \/>\n<meta property=\"og:locale\" content=\"de_DE\" \/>\n<meta property=\"og:type\" content=\"article\" \/>\n<meta property=\"og:title\" content=\"Krankenkasse - Krankenkasse Beratung\" \/>\n<meta property=\"og:description\" content=\"Deine Krankenkasse in der Schweiz Umfassender Schutz, massgeschneiderte L\u00f6sungen Sichere dir die bestm\u00f6gliche Gesundheitsversorgung in der Schweiz mit unserer umfassenden Krankenkassenberatung. Wir helfen dir, das richtige Versicherungsmodell zu finden, das deinen Bed\u00fcrfnissen und deinem Budget entspricht.Finde die richtige Krankenkasse Erinnerst du dich an diese&nbsp;Probleme? Unsicherheit bei der Krankenkassenwahl Viele Menschen sind unsicher, welche Krankenkasse ihren [&hellip;]\" \/>\n<meta property=\"og:url\" content=\"https:\/\/krankenkasse-beratung.logisch.ch\/index.php\/krankenkasse\/\" \/>\n<meta property=\"og:site_name\" content=\"Krankenkasse Beratung\" \/>\n<meta property=\"article:modified_time\" content=\"2025-12-17T00:17:03+00:00\" \/>\n<meta property=\"og:image\" content=\"https:\/\/krankenkasse-beratung.ch\/wp-content\/uploads\/2024\/08\/krankenkasse-visana-versicherungen-ag-1.png\" \/>\n<meta name=\"twitter:card\" content=\"summary_large_image\" \/>\n<script type=\"application\/ld+json\" class=\"yoast-schema-graph\">{\"@context\":\"https:\/\/schema.org\",\"@graph\":[{\"@type\":\"WebPage\",\"@id\":\"https:\/\/krankenkasse-beratung.logisch.ch\/index.php\/krankenkasse\/\",\"url\":\"https:\/\/krankenkasse-beratung.logisch.ch\/index.php\/krankenkasse\/\",\"name\":\"Krankenkasse - Krankenkasse Beratung\",\"isPartOf\":{\"@id\":\"https:\/\/krankenkasse-beratung.logisch.ch\/#website\"},\"primaryImageOfPage\":{\"@id\":\"https:\/\/krankenkasse-beratung.logisch.ch\/index.php\/krankenkasse\/#primaryimage\"},\"image\":{\"@id\":\"https:\/\/krankenkasse-beratung.logisch.ch\/index.php\/krankenkasse\/#primaryimage\"},\"thumbnailUrl\":\"https:\/\/krankenkasse-beratung.ch\/wp-content\/uploads\/2024\/08\/krankenkasse-visana-versicherungen-ag-1.png\",\"datePublished\":\"2025-12-16T08:48:12+00:00\",\"dateModified\":\"2025-12-17T00:17:03+00:00\",\"breadcrumb\":{\"@id\":\"https:\/\/krankenkasse-beratung.logisch.ch\/index.php\/krankenkasse\/#breadcrumb\"},\"inLanguage\":\"de\",\"potentialAction\":[{\"@type\":\"ReadAction\",\"target\":[\"https:\/\/krankenkasse-beratung.logisch.ch\/index.php\/krankenkasse\/\"]}]},{\"@type\":\"ImageObject\",\"inLanguage\":\"de\",\"@id\":\"https:\/\/krankenkasse-beratung.logisch.ch\/index.php\/krankenkasse\/#primaryimage\",\"url\":\"https:\/\/krankenkasse-beratung.ch\/wp-content\/uploads\/2024\/08\/krankenkasse-visana-versicherungen-ag-1.png\",\"contentUrl\":\"https:\/\/krankenkasse-beratung.ch\/wp-content\/uploads\/2024\/08\/krankenkasse-visana-versicherungen-ag-1.png\"},{\"@type\":\"BreadcrumbList\",\"@id\":\"https:\/\/krankenkasse-beratung.logisch.ch\/index.php\/krankenkasse\/#breadcrumb\",\"itemListElement\":[{\"@type\":\"ListItem\",\"position\":1,\"name\":\"Start\",\"item\":\"https:\/\/krankenkasse-beratung.logisch.ch\/\"},{\"@type\":\"ListItem\",\"position\":2,\"name\":\"Krankenkasse\"}]},{\"@type\":\"WebSite\",\"@id\":\"https:\/\/krankenkasse-beratung.logisch.ch\/#website\",\"url\":\"https:\/\/krankenkasse-beratung.logisch.ch\/\",\"name\":\"Krankenkasse Beratung\",\"description\":\"Beratungen und Vergleich f\u00fcr Ihre Krankenkasse\",\"potentialAction\":[{\"@type\":\"SearchAction\",\"target\":{\"@type\":\"EntryPoint\",\"urlTemplate\":\"https:\/\/krankenkasse-beratung.logisch.ch\/?s={search_term_string}\"},\"query-input\":{\"@type\":\"PropertyValueSpecification\",\"valueRequired\":true,\"valueName\":\"search_term_string\"}}],\"inLanguage\":\"de\"}]}<\/script>\n<!-- \/ Yoast SEO plugin. -->","yoast_head_json":{"title":"Krankenkasse - Krankenkasse Beratung","robots":{"index":"index","follow":"follow","max-snippet":"max-snippet:-1","max-image-preview":"max-image-preview:large","max-video-preview":"max-video-preview:-1"},"canonical":"https:\/\/krankenkasse-beratung.logisch.ch\/index.php\/krankenkasse\/","og_locale":"de_DE","og_type":"article","og_title":"Krankenkasse - Krankenkasse Beratung","og_description":"Deine Krankenkasse in der Schweiz Umfassender Schutz, massgeschneiderte L\u00f6sungen Sichere dir die bestm\u00f6gliche Gesundheitsversorgung in der Schweiz mit unserer umfassenden Krankenkassenberatung. Wir helfen dir, das richtige Versicherungsmodell zu finden, das deinen Bed\u00fcrfnissen und deinem Budget entspricht.Finde die richtige Krankenkasse Erinnerst du dich an diese&nbsp;Probleme? Unsicherheit bei der Krankenkassenwahl Viele Menschen sind unsicher, welche Krankenkasse ihren [&hellip;]","og_url":"https:\/\/krankenkasse-beratung.logisch.ch\/index.php\/krankenkasse\/","og_site_name":"Krankenkasse Beratung","article_modified_time":"2025-12-17T00:17:03+00:00","og_image":[{"url":"https:\/\/krankenkasse-beratung.ch\/wp-content\/uploads\/2024\/08\/krankenkasse-visana-versicherungen-ag-1.png","type":"","width":"","height":""}],"twitter_card":"summary_large_image","schema":{"@context":"https:\/\/schema.org","@graph":[{"@type":"WebPage","@id":"https:\/\/krankenkasse-beratung.logisch.ch\/index.php\/krankenkasse\/","url":"https:\/\/krankenkasse-beratung.logisch.ch\/index.php\/krankenkasse\/","name":"Krankenkasse - Krankenkasse Beratung","isPartOf":{"@id":"https:\/\/krankenkasse-beratung.logisch.ch\/#website"},"primaryImageOfPage":{"@id":"https:\/\/krankenkasse-beratung.logisch.ch\/index.php\/krankenkasse\/#primaryimage"},"image":{"@id":"https:\/\/krankenkasse-beratung.logisch.ch\/index.php\/krankenkasse\/#primaryimage"},"thumbnailUrl":"https:\/\/krankenkasse-beratung.ch\/wp-content\/uploads\/2024\/08\/krankenkasse-visana-versicherungen-ag-1.png","datePublished":"2025-12-16T08:48:12+00:00","dateModified":"2025-12-17T00:17:03+00:00","breadcrumb":{"@id":"https:\/\/krankenkasse-beratung.logisch.ch\/index.php\/krankenkasse\/#breadcrumb"},"inLanguage":"de","potentialAction":[{"@type":"ReadAction","target":["https:\/\/krankenkasse-beratung.logisch.ch\/index.php\/krankenkasse\/"]}]},{"@type":"ImageObject","inLanguage":"de","@id":"https:\/\/krankenkasse-beratung.logisch.ch\/index.php\/krankenkasse\/#primaryimage","url":"https:\/\/krankenkasse-beratung.ch\/wp-content\/uploads\/2024\/08\/krankenkasse-visana-versicherungen-ag-1.png","contentUrl":"https:\/\/krankenkasse-beratung.ch\/wp-content\/uploads\/2024\/08\/krankenkasse-visana-versicherungen-ag-1.png"},{"@type":"BreadcrumbList","@id":"https:\/\/krankenkasse-beratung.logisch.ch\/index.php\/krankenkasse\/#breadcrumb","itemListElement":[{"@type":"ListItem","position":1,"name":"Start","item":"https:\/\/krankenkasse-beratung.logisch.ch\/"},{"@type":"ListItem","position":2,"name":"Krankenkasse"}]},{"@type":"WebSite","@id":"https:\/\/krankenkasse-beratung.logisch.ch\/#website","url":"https:\/\/krankenkasse-beratung.logisch.ch\/","name":"Krankenkasse Beratung","description":"Beratungen und Vergleich f\u00fcr Ihre Krankenkasse","potentialAction":[{"@type":"SearchAction","target":{"@type":"EntryPoint","urlTemplate":"https:\/\/krankenkasse-beratung.logisch.ch\/?s={search_term_string}"},"query-input":{"@type":"PropertyValueSpecification","valueRequired":true,"valueName":"search_term_string"}}],"inLanguage":"de"}]}},"_links":{"self":[{"href":"https:\/\/krankenkasse-beratung.logisch.ch\/index.php\/wp-json\/wp\/v2\/pages\/13","targetHints":{"allow":["GET"]}}],"collection":[{"href":"https:\/\/krankenkasse-beratung.logisch.ch\/index.php\/wp-json\/wp\/v2\/pages"}],"about":[{"href":"https:\/\/krankenkasse-beratung.logisch.ch\/index.php\/wp-json\/wp\/v2\/types\/page"}],"author":[{"embeddable":true,"href":"https:\/\/krankenkasse-beratung.logisch.ch\/index.php\/wp-json\/wp\/v2\/users\/1"}],"replies":[{"embeddable":true,"href":"https:\/\/krankenkasse-beratung.logisch.ch\/index.php\/wp-json\/wp\/v2\/comments?post=13"}],"version-history":[{"count":6,"href":"https:\/\/krankenkasse-beratung.logisch.ch\/index.php\/wp-json\/wp\/v2\/pages\/13\/revisions"}],"predecessor-version":[{"id":88,"href":"https:\/\/krankenkasse-beratung.logisch.ch\/index.php\/wp-json\/wp\/v2\/pages\/13\/revisions\/88"}],"wp:attachment":[{"href":"https:\/\/krankenkasse-beratung.logisch.ch\/index.php\/wp-json\/wp\/v2\/media?parent=13"}],"curies":[{"name":"wp","href":"https:\/\/api.w.org\/{rel}","templated":true}]}}